{"id":4139,"date":"2019-08-09T13:13:47","date_gmt":"2019-08-09T11:13:47","guid":{"rendered":"https:\/\/dev.brodandtaylor.eu\/?post_type=product&#038;p=4139"},"modified":"2026-04-01T08:18:56","modified_gmt":"2026-04-01T06:18:56","slug":"sahara-faltbarer-doerrautomat","status":"publish","type":"product","link":"https:\/\/brodandtaylor.eu\/de\/produkt\/sahara-faltbarer-doerrautomat\/","title":{"rendered":"SAHARA faltbarer D\u00f6rrautomat"},"content":{"rendered":"<h3>Merkmale:<\/h3>\n<ul>\n<li>Das exklusive 750 W Dual-Heizungsdesign schaltet automatisch auf niedrige Leistung um, um einen effizienteren Betrieb bei teilweiser Trocknung von Lebensmitteln oder bei niedrigeren Temperaturen bei der Trocknung von Rohstoffen zu gew\u00e4hrleisten.<\/li>\n<li>Die einfach zu bedienende Dualzeit-\/Temperaturregelung erm\u00f6glicht es dem Anwender, zwei Zeiten und zwei Temperaturen f\u00fcr die kontrollierte Lebensmitteltrocknung zu programmieren.<\/li>\n<li>Die Luftzirkulation erfolgt durch einen leisen, hocheffizienten Radialventilator, der ein Gemisch aus Frischluft und Umluft ausgleicht, um die Trocknung von Lebensmitteln und die Energieeffizienz zu optimieren.<\/li>\n<\/ul>\n<h3>Technische Informationen:<\/h3>\n<div>\n<h4>Angaben<\/h4>\n<p><strong>Gefaltet (LxBxH):<\/strong> 56 x 31 x 9.5cm<br \/>\n<strong>Offen (LxBxH):<\/strong> 56 x 36.5 x 28cm<br \/>\n<strong>Gewicht:<\/strong> 5.8kg (ohne Einsch\u00fcbe)<br \/>\n<strong>Gewicht der Edelstahl-Einsch\u00fcbe:<\/strong> 2.2 kg<br \/>\n<strong>EU Version:<\/strong> 220-240V~ 50Hz (690-820W<br \/>\n<strong>Material vom Geh\u00e4use:<\/strong> ABS Kunststoff (BPA Frei)<br \/>\n<strong>Material der Einsch\u00fcbe:<\/strong> Edelstahl oder Kunstoff<\/p>\n<h4>Timer &amp; Temperatur<\/h4>\n<p>Der Dehydrator verf\u00fcgt \u00fcber 2 sequenzielle Zeitschaltuhren, die f\u00fcr die folgenden L\u00e4ngen ausgelegt werden k\u00f6nnen:<\/p>\n<ul>\n<li>15 Minuten \u2013 99 Stunden (Time 1)<\/li>\n<li>15 Minuten \u2013 99 Stunden (Time 2)<\/li>\n<\/ul>\n<p>Sie k\u00f6nnen den \u201eVentilator\u201c-Modus ausw\u00e4hlen oder auf eine Temperatur zwischen 30-74 \u00b0C erw\u00e4rmen.<\/p>\n<h4>Lieferumfang<\/h4>\n<ul>\n<li>1 Dehydrator<\/li>\n<li>1 Stromkabel<\/li>\n<li>1 abnehmbare Auffangschale<\/li>\n<li>1 Tasche mit Reisverschluss f\u00fcr die Einsch\u00fcbe<\/li>\n<li>7 Einsch\u00fcbe aus Edelstahl oder Kunstoff<\/li>\n<li>2 Ersatzluftfilter<\/li>\n<li>1 Bedienungsanleitung (Englisch, Franz\u00f6sisch, Deutsch)<\/li>\n<li>1 Einrichtungsanleitung<\/li>\n<\/ul>\n<h4>Garantie<\/h4>\n<ul>\n<li>3 Jahre<\/li>\n<\/ul>\n\n\t<section class=\"section\" id=\"section_1202480066\">\n\t\t<div class=\"section-bg fill\" >\n\t\t\t\t\t\t\t\t\t\n\t\t\t\n\n\t\t<\/div>\n\n\t\t\n\n\t\t<div class=\"section-content relative\">\n\t\t\t\n\n  <div class=\"banner has-hover\" id=\"banner-1739340309\">\n          <div class=\"banner-inner fill\">\n        <div class=\"banner-bg fill\" >\n                                                \n                    <\/div>\n\t\t\n        <div class=\"banner-layers container\">\n            <div class=\"fill banner-link\"><\/div>            \n   <div id=\"text-box-1552829593\" class=\"text-box banner-layer x50 md-x50 lg-x50 y50 md-y50 lg-y50 res-text\">\n                                <div class=\"text-box-content text dark\">\n              \n              <div class=\"text-inner text-center\">\n                  \n\t<div id=\"text-2617113453\" class=\"text\">\n\t\t\n<p class=\"uppercase\"><a href=\"https:\/\/brodandtaylor.eu\/de\/sahara-faltbarer-doerrautomat\/\"><b>Weitere Produktinformationen zum SAHARA D\u00f6rRautomat<\/b><\/a><\/p>\n\t\t\n<style>\n#text-2617113453 {\n  font-size: 1rem;\n}\n@media (min-width:550px) {\n  #text-2617113453 {\n    font-size: 1.75rem;\n  }\n}\n@media (min-width:850px) {\n  #text-2617113453 {\n    font-size: 2.75rem;\n  }\n}\n<\/style>\n\t<\/div>\n\t\n              <\/div>\n           <\/div>\n                            \n<style>\n#text-box-1552829593 {\n  width: 100%;\n}\n#text-box-1552829593 .text-box-content {\n  font-size: 100%;\n}\n@media (min-width:550px) {\n  #text-box-1552829593 {\n    width: 91%;\n  }\n}\n<\/style>\n    <\/div>\n \n        <\/div>\n      <\/div>\n\n            \n<style>\n#banner-1739340309 {\n  padding-top: 20%;\n}\n<\/style>\n  <\/div>\n\n\n\t\t<\/div>\n\n\t\t\n<style>\n#section_1202480066 {\n  padding-top: 30px;\n  padding-bottom: 30px;\n}\n<\/style>\n\t<\/section>\n\t\n<\/div>\n","protected":false},"excerpt":{"rendered":"<p>Der weltweit einzige D\u00f6rrautomat, der zur Aufbewahrung auf 1\/3 seiner Gr\u00f6\u00dfe zusammengelegt werden kann. Der SAHARA liefert \u00fcber 1 qm Trockenfl\u00e4che, digital gesteuerte 750W-Doppelheizungen, einen leisen und hocheffizienten Umluftstrom, gefilterten Lufteinlass, automatisierte Doppelzeit-\/Temperaturregler, Regale aus Edelstahl oder Kunststoff und Glast\u00fcren.<\/p>\n<div class=\"message-box relative dark\" style=\"padding-top:15px;padding-bottom:15px;\"><div class=\"message-box-bg-image bg-fill fill\" ><\/div><div class=\"message-box-bg-overlay bg-fill fill\" style=\"background-color:rgb(247, 247, 247);\"><\/div><div class=\"container relative\"><div class=\"inner last-reset\">\n\n<div class=\"row align-middle align-center\"  id=\"row-921237486\">\n\n\n\t<div id=\"col-1933233185\" class=\"col small-12 large-12\"  >\n\t\t\t\t<div class=\"col-inner\"  >\n\t\t\t\n\t\t\t\n\n\t<div id=\"text-2577172384\" class=\"text\">\n\t\t\n\n<p>ANGEBOT: <br \/><strong>50% RABATT<\/strong>\u00a0auf D\u00f6rrfolien beim Kauf eines SAHARA D\u00f6rrautomat<\/p>\n<p>Rabatt wird im Warenkorb berechnet.<br \/>Angebot zeitlich begrenzt!<\/p>\n\t\t\n<style>\n#text-2577172384 {\n  color: rgb(0,0,0);\n}\n#text-2577172384 > * {\n  color: rgb(0,0,0);\n}\n<\/style>\n\t<\/div>\n\t\n\n\t\t<\/div>\n\t\t\t\t\t<\/div>\n\n\t\n\n\t<div id=\"col-1505569846\" class=\"col small-12 large-12\"  >\n\t\t\t\t<div class=\"col-inner\"  >\n\t\t\t\n\t\t\t\n\n<a href=\"https:\/\/brodandtaylor.eu\/de\/produkt\/doerrfolien-fuer-sahara-doerrautomat\/\" class=\"button primary is-outline is-small lowercase expand\" >\n\t\t<span>D\u00f6rrfolien f\u00fcr SAHARA D\u00f6rrautomat<\/span>\n\t<\/a>\n\n\n\n\t\t<\/div>\n\t\t\t\t\t<\/div>\n\n\t\n\n<\/div>\n\n<\/div><\/div><\/div>\n<p>&nbsp;<\/p>\n","protected":false},"featured_media":4150,"comment_status":"open","ping_status":"closed","template":"","meta":{"_acf_changed":false},"product_brand":[],"product_cat":[95],"product_tag":[],"class_list":{"0":"post-4139","1":"product","2":"type-product","3":"status-publish","4":"has-post-thumbnail","6":"product_cat-doerrautomaten","8":"first","9":"instock","10":"sale","11":"taxable","12":"shipping-taxable","13":"purchasable","14":"product-type-variable"},"bundled_by":[],"bundle_stock_status":"instock","bundle_stock_quantity":null,"bundle_virtual":false,"bundle_layout":"","bundle_add_to_cart_form_location":"","bundle_editable_in_cart":false,"bundle_sold_individually_context":"","bundle_item_grouping":"","bundle_min_size":"","bundle_max_size":"","bundle_price":[],"bundled_items":[],"bundle_sell_ids":[],"acf":[],"_links":{"self":[{"href":"https:\/\/brodandtaylor.eu\/de\/wp-json\/wp\/v2\/product\/4139","targetHints":{"allow":["GET"]}}],"collection":[{"href":"https:\/\/brodandtaylor.eu\/de\/wp-json\/wp\/v2\/product"}],"about":[{"href":"https:\/\/brodandtaylor.eu\/de\/wp-json\/wp\/v2\/types\/product"}],"replies":[{"embeddable":true,"href":"https:\/\/brodandtaylor.eu\/de\/wp-json\/wp\/v2\/comments?post=4139"}],"wp:featuredmedia":[{"embeddable":true,"href":"https:\/\/brodandtaylor.eu\/de\/wp-json\/wp\/v2\/media\/4150"}],"wp:attachment":[{"href":"https:\/\/brodandtaylor.eu\/de\/wp-json\/wp\/v2\/media?parent=4139"}],"wp:term":[{"taxonomy":"product_brand","embeddable":true,"href":"https:\/\/brodandtaylor.eu\/de\/wp-json\/wp\/v2\/product_brand?post=4139"},{"taxonomy":"product_cat","embeddable":true,"href":"https:\/\/brodandtaylor.eu\/de\/wp-json\/wp\/v2\/product_cat?post=4139"},{"taxonomy":"product_tag","embeddable":true,"href":"https:\/\/brodandtaylor.eu\/de\/wp-json\/wp\/v2\/product_tag?post=4139"}],"curies":[{"name":"wp","href":"https:\/\/api.w.org\/{rel}","templated":true}]}}