{"id":3391,"date":"2017-01-16T10:53:16","date_gmt":"2017-01-16T09:53:16","guid":{"rendered":"https:\/\/dev.brodandtaylor.eu\/product\/zusatzgitter\/"},"modified":"2026-04-17T08:38:46","modified_gmt":"2026-04-17T06:38:46","slug":"zusatzgitter","status":"publish","type":"product","link":"https:\/\/brodandtaylor.eu\/de\/produkt\/zusatzgitter\/","title":{"rendered":"Zusatzgitter f\u00fcr Brod&#038;Taylor G\u00e4rautomat"},"content":{"rendered":"<h1>Verdoppeln Sie die Kapazit\u00e4t Ihres\u00a0G\u00e4rautomat &amp; Schongarer<\/h1>\n<p>Unser Zusatzgitter schafft eine zweite nutzbare Etage im G\u00e4rautomaten, ideal f\u00fcr das g\u00e4ren von zwei Blechen oder vier Kastenformen.<\/p>\n<p>Bleche sollten maximal 36.2 cm x 30.5 cm gro\u00df sein.<\/p>\n<p>Kastenformen sollten etwa 8 cm hoch sein, so dass die maximale H\u00f6he des aufgeg\u00e4rten Brotes 10 cm betr\u00e4gt.<\/p>\n<div class=\"container\">\n<h2 class=\"sch3\"><strong>Perfektion mal Zwei.<\/strong><\/h2>\n<\/div>\n<div class=\"row\"  id=\"row-1378216854\">\n\n\t<div id=\"col-1924782576\" class=\"col medium-6 small-12 large-6\"  >\n\t\t\t\t<div class=\"col-inner\"  >\n\t\t\t\n\t\t\t\n\t<div class=\"box has-hover   has-hover box-text-bottom\" >\n\n\t\t<div class=\"box-image\" >\n\t\t\t\t\t\t<div class=\"image-cover\" style=\"padding-top:50%;\">\n\t\t\t\t<img loading=\"lazy\" decoding=\"async\" width=\"1200\" height=\"450\" src=\"https:\/\/brodandtaylor.eu\/wp-content\/uploads\/2017\/01\/TK-Pretzel-Feature-web-9404.jpg\" class=\"attachment- size-\" alt=\"TK Pretzel Feature\" srcset=\"https:\/\/brodandtaylor.eu\/wp-content\/uploads\/2017\/01\/TK-Pretzel-Feature-web-9404.jpg 1200w, https:\/\/brodandtaylor.eu\/wp-content\/uploads\/2017\/01\/TK-Pretzel-Feature-web-9404-400x150.jpg 400w, https:\/\/brodandtaylor.eu\/wp-content\/uploads\/2017\/01\/TK-Pretzel-Feature-web-9404-800x300.jpg 800w, https:\/\/brodandtaylor.eu\/wp-content\/uploads\/2017\/01\/TK-Pretzel-Feature-web-9404-768x288.jpg 768w\" sizes=\"auto, (max-width: 1200px) 100vw, 1200px\" \/>\t\t\t\t\t\t\t\t\t\t\t<\/div>\n\t\t\t\t\t<\/div>\n\n\t\t<div class=\"box-text text-center\" >\n\t\t\t<div class=\"box-text-inner\">\n\t\t\t\t\n<p>Mit dem Zusatzgitter als Zubeh\u00f6r ganz einfach die Kapazit\u00e4t verdoppeln.<\/p>\n\t\t\t<\/div>\n\t\t<\/div>\n\t<\/div>\n\t\n\t\t<\/div>\n\t\t\t\t\t<\/div>\n\n\t\n\n\t<div id=\"col-1404187994\" class=\"col medium-6 small-12 large-6\"  >\n\t\t\t\t<div class=\"col-inner\"  >\n\t\t\t\n\t\t\t\n\t<div class=\"box has-hover   has-hover box-text-bottom\" >\n\n\t\t<div class=\"box-image\" >\n\t\t\t\t\t\t<div class=\"image-cover\" style=\"padding-top:50%;\">\n\t\t\t\t<img loading=\"lazy\" decoding=\"async\" width=\"1700\" height=\"1000\" src=\"https:\/\/brodandtaylor.eu\/wp-content\/uploads\/2017\/01\/FP-175Shelf-Folding-Legsdough-WEB-knockout.jpg\" class=\"attachment- size-\" alt=\"\" srcset=\"https:\/\/brodandtaylor.eu\/wp-content\/uploads\/2017\/01\/FP-175Shelf-Folding-Legsdough-WEB-knockout.jpg 1700w, https:\/\/brodandtaylor.eu\/wp-content\/uploads\/2017\/01\/FP-175Shelf-Folding-Legsdough-WEB-knockout-680x400.jpg 680w, https:\/\/brodandtaylor.eu\/wp-content\/uploads\/2017\/01\/FP-175Shelf-Folding-Legsdough-WEB-knockout-1360x800.jpg 1360w, https:\/\/brodandtaylor.eu\/wp-content\/uploads\/2017\/01\/FP-175Shelf-Folding-Legsdough-WEB-knockout-768x452.jpg 768w, https:\/\/brodandtaylor.eu\/wp-content\/uploads\/2017\/01\/FP-175Shelf-Folding-Legsdough-WEB-knockout-1536x904.jpg 1536w, https:\/\/brodandtaylor.eu\/wp-content\/uploads\/2017\/01\/FP-175Shelf-Folding-Legsdough-WEB-knockout-400x235.jpg 400w\" sizes=\"auto, (max-width: 1700px) 100vw, 1700px\" \/>\t\t\t\t\t\t\t\t\t\t\t<\/div>\n\t\t\t\t\t<\/div>\n\n\t\t<div class=\"box-text text-center\" >\n\t\t\t<div class=\"box-text-inner\">\n\t\t\t\t\n<p>Ideal f\u00fcr das G\u00e4ren auf zwei Blechen oder in vier Brotformen.<\/p>\n\t\t\t<\/div>\n\t\t<\/div>\n\t<\/div>\n\t\n\t\t<\/div>\n\t\t\t\t\t<\/div>\n\n\t\n<\/div>\n","protected":false},"excerpt":{"rendered":"<p>Kapazit\u00e4t verdoppeln durch eine zweite Etage!<\/p>\n","protected":false},"featured_media":11059,"comment_status":"open","ping_status":"closed","template":"","meta":{"_acf_changed":false,"_monsterinsights_skip_tracking":false,"_monsterinsights_sitenote_active":false,"_monsterinsights_sitenote_note":"","_monsterinsights_sitenote_category":0},"product_brand":[],"product_cat":[97],"product_tag":[],"class_list":{"0":"post-3391","1":"product","2":"type-product","3":"status-publish","4":"has-post-thumbnail","6":"product_cat-gaerautomat-zubehoer","8":"first","9":"instock","10":"taxable","11":"shipping-taxable","12":"purchasable","13":"product-type-simple"},"bundled_by":["3353"],"bundle_stock_status":"instock","bundle_stock_quantity":100,"bundle_virtual":false,"bundle_layout":"","bundle_add_to_cart_form_location":"","bundle_editable_in_cart":false,"bundle_sold_individually_context":"","bundle_item_grouping":"","bundle_min_size":"","bundle_max_size":"","bundle_price":[],"bundled_items":[],"bundle_sell_ids":[],"acf":[],"_links":{"self":[{"href":"https:\/\/brodandtaylor.eu\/de\/wp-json\/wp\/v2\/product\/3391","targetHints":{"allow":["GET"]}}],"collection":[{"href":"https:\/\/brodandtaylor.eu\/de\/wp-json\/wp\/v2\/product"}],"about":[{"href":"https:\/\/brodandtaylor.eu\/de\/wp-json\/wp\/v2\/types\/product"}],"replies":[{"embeddable":true,"href":"https:\/\/brodandtaylor.eu\/de\/wp-json\/wp\/v2\/comments?post=3391"}],"wp:featuredmedia":[{"embeddable":true,"href":"https:\/\/brodandtaylor.eu\/de\/wp-json\/wp\/v2\/media\/11059"}],"wp:attachment":[{"href":"https:\/\/brodandtaylor.eu\/de\/wp-json\/wp\/v2\/media?parent=3391"}],"wp:term":[{"taxonomy":"product_brand","embeddable":true,"href":"https:\/\/brodandtaylor.eu\/de\/wp-json\/wp\/v2\/product_brand?post=3391"},{"taxonomy":"product_cat","embeddable":true,"href":"https:\/\/brodandtaylor.eu\/de\/wp-json\/wp\/v2\/product_cat?post=3391"},{"taxonomy":"product_tag","embeddable":true,"href":"https:\/\/brodandtaylor.eu\/de\/wp-json\/wp\/v2\/product_tag?post=3391"}],"curies":[{"name":"wp","href":"https:\/\/api.w.org\/{rel}","templated":true}]}}