{"id":3353,"date":"2017-01-16T10:47:42","date_gmt":"2017-01-16T09:47:42","guid":{"rendered":"https:\/\/dev.brodandtaylor.eu\/product\/brod-taylor-folding-proofer-slow-cooker-fp-205-2\/"},"modified":"2026-04-02T11:23:52","modified_gmt":"2026-04-02T09:23:52","slug":"brod-taylor-faltbarer-gaerautomat-schongarer-fp-205","status":"publish","type":"product","link":"https:\/\/brodandtaylor.eu\/de\/produkt\/brod-taylor-faltbarer-gaerautomat-schongarer-fp-205\/","title":{"rendered":"Brod &#038; Taylor Klappbarer G\u00e4rautomat &#038; Schongarer (FP-205)"},"content":{"rendered":"<h2 style=\"color: #000000;\"><strong>Brod &amp; Taylor Klappbarer G\u00e4rautomat und Schongarer<\/strong><\/h2>\n<p>Der faltbare G\u00e4rautomat &amp; Schongarer FP-205 ist die Weiterentwicklung vom bekannten FP-201. \u00a0Er besitzt eine noch bessere Temperaturgenauigkeit sowie einen Schongarmodus. \u00a0Die Produktion vom FP-201 wurde somit eingestellt.<\/p>\n<p>Der Brod &amp; Taylor G\u00e4rautomat ist platzsparend zu verstauen und mit wenigen Handgriffen wieder gebrauchsfertig aufgebaut. Der FP-205 kann kontinuierlich verwendet (unser <strong><a href=\"https:\/\/brodandtaylor.eu\/de\/schwarzer-knoblauch-wie-man-es-zu-hause-macht\/\">Schwarzer Knoblauch Rezept<\/a><\/strong> dauert 3-4 Wochen) werden um Ihnen Temperaturen von ca. 21 \u00b0C bis 90 \u00b0C zu bieten.<\/p>\n\n<h2>Faltbarer G\u00e4rautomat &amp; Schongarer<\/h2>\n<h3>Ein Ger\u00e4t. Unendliche M\u00f6glichkeiten.<\/h3>\n\n  <div class=\"banner has-hover has-video\" id=\"banner-283707335\">\n          <div class=\"banner-inner fill\">\n        <div class=\"banner-bg fill\" >\n                        \t<div class=\"video-overlay no-click fill visible\"><\/div>\n\t<video class=\"video-bg fill visible\" preload playsinline autoplay muted loop>\n\t\t<source src=\"\/wp-content\/uploads\/2020\/01\/BrodTaylor-Ga\u0308rautomatSchongarer.mp4\" type=\"video\/mp4\">\t<\/video>\n            <div class=\"overlay\"><\/div>            \n                    <\/div>\n\t\t\n        <div class=\"banner-layers container\">\n            <div class=\"fill banner-link\"><\/div>            \n   <div id=\"text-box-201146102\" class=\"text-box banner-layer x50 md-x50 lg-x50 y50 md-y50 lg-y50 res-text\">\n                                <div class=\"text-box-content text dark\">\n              \n              <div class=\"text-inner text-center\">\n                  \n              <\/div>\n           <\/div>\n                            \n<style>\n#text-box-201146102 {\n  width: 60%;\n}\n#text-box-201146102 .text-box-content {\n  font-size: 100%;\n}\n@media (min-width:550px) {\n  #text-box-201146102 {\n    width: 60%;\n  }\n}\n<\/style>\n    <\/div>\n \n        <\/div>\n      <\/div>\n\n            \n<style>\n#banner-283707335 {\n  padding-top: 56.25%;\n}\n#banner-283707335 .overlay {\n  background-color: rgba(0, 0, 0, 0.17);\n}\n<\/style>\n  <\/div>\n\n\n\n  <div class=\"banner has-hover\" id=\"banner-1329123731\">\n          <div class=\"banner-inner fill\">\n        <div class=\"banner-bg fill\" >\n            <img decoding=\"async\" width=\"1180\" height=\"546\" src=\"https:\/\/brodandtaylor.eu\/wp-content\/uploads\/2019\/08\/headerproofer.jpg\" class=\"bg attachment-original size-original\" alt=\"\" \/>                                    \n                    <\/div>\n\t\t\n        <div class=\"banner-layers container\">\n            <div class=\"fill banner-link\"><\/div>            \n   <div id=\"text-box-320906278\" class=\"text-box banner-layer x50 md-x50 lg-x50 y50 md-y50 lg-y50 res-text\">\n                                <div class=\"text-box-content text dark\">\n              \n              <div class=\"text-inner text-center\">\n                  \n              <\/div>\n           <\/div>\n                            \n<style>\n#text-box-320906278 {\n  width: 60%;\n}\n#text-box-320906278 .text-box-content {\n  font-size: 100%;\n}\n@media (min-width:550px) {\n  #text-box-320906278 {\n    width: 60%;\n  }\n}\n<\/style>\n    <\/div>\n \n        <\/div>\n      <\/div>\n\n              <div class=\"height-fix is-invisible\"><img decoding=\"async\" width=\"1180\" height=\"546\" src=\"https:\/\/brodandtaylor.eu\/wp-content\/uploads\/2019\/08\/headerproofer.jpg\" class=\"attachment-original size-original\" alt=\"\" srcset=\"https:\/\/brodandtaylor.eu\/wp-content\/uploads\/2019\/08\/headerproofer.jpg 1180w, https:\/\/brodandtaylor.eu\/wp-content\/uploads\/2019\/08\/headerproofer-400x185.jpg 400w, https:\/\/brodandtaylor.eu\/wp-content\/uploads\/2019\/08\/headerproofer-800x370.jpg 800w, https:\/\/brodandtaylor.eu\/wp-content\/uploads\/2019\/08\/headerproofer-768x355.jpg 768w\" sizes=\"(max-width: 1180px) 100vw, 1180px\" \/><\/div>\n              <\/div>\n\n\n<div class=\"row\"  id=\"row-619564287\">\n\n\t<div id=\"col-1953604238\" class=\"col medium-4 small-12 large-4\"  >\n\t\t\t\t<div class=\"col-inner\"  >\n\t\t\t\n\t\t\t\n<h3 style=\"text-align: center;\">Schongaren<\/h3>\n\t<div class=\"img has-hover x md-x lg-x y md-y lg-y\" id=\"image_1928834330\">\n\t\t\t\t\t\t\t\t<div class=\"img-inner image-cover dark\" style=\"padding-top:100%;\">\n\t\t\t<img decoding=\"async\" width=\"400\" height=\"400\" src=\"https:\/\/brodandtaylor.eu\/wp-content\/uploads\/2019\/08\/slowcookpot.jpg\" class=\"attachment-large size-large\" alt=\"\" srcset=\"https:\/\/brodandtaylor.eu\/wp-content\/uploads\/2019\/08\/slowcookpot.jpg 400w, https:\/\/brodandtaylor.eu\/wp-content\/uploads\/2019\/08\/slowcookpot-280x280.jpg 280w, https:\/\/brodandtaylor.eu\/wp-content\/uploads\/2019\/08\/slowcookpot-100x100.jpg 100w\" sizes=\"(max-width: 400px) 100vw, 400px\" \/>\t\t\t\t\t\t\n\t\t\t\t\t<\/div>\n\t\t\t\t\t\t\t\t\n<style>\n#image_1928834330 {\n  width: 100%;\n}\n<\/style>\n\t<\/div>\n\t\n<h4>Ihr Kochtopf wird zum Schongarer<\/h4>\n<p>Praktisches &amp; platzsparendes Design.<br \/>\nIhr Lieblings-Kochtopf wird zu Ihrem Lieblings-Schongarer.<\/p>\n\t<div class=\"img has-hover x md-x lg-x y md-y lg-y\" id=\"image_1041159708\">\n\t\t\t\t\t\t\t\t<div class=\"img-inner dark\" >\n\t\t\t<img decoding=\"async\" width=\"400\" height=\"288\" src=\"https:\/\/brodandtaylor.eu\/wp-content\/uploads\/2019\/08\/FP-Slow-Cook-Cutaway-DE-1.jpg\" class=\"attachment-large size-large\" alt=\"\" \/>\t\t\t\t\t\t\n\t\t\t\t\t<\/div>\n\t\t\t\t\t\t\t\t\n<style>\n#image_1041159708 {\n  width: 100%;\n}\n<\/style>\n\t<\/div>\n\t\n\t\t<\/div>\n\t\t\t\t\t<\/div>\n\n\t\n\n\t<div id=\"col-918146723\" class=\"col medium-4 small-12 large-4\"  >\n\t\t\t\t<div class=\"col-inner\"  >\n\t\t\t\n\t\t\t\n<h3 style=\"text-align: center;\">G\u00e4ren<\/h3>\n\t<div class=\"img has-hover x md-x lg-x y md-y lg-y\" id=\"image_1663587783\">\n\t\t\t\t\t\t\t\t<div class=\"img-inner dark\" >\n\t\t\t<img decoding=\"async\" width=\"400\" height=\"400\" src=\"https:\/\/brodandtaylor.eu\/wp-content\/uploads\/2019\/08\/breadphoto.jpg\" class=\"attachment-large size-large\" alt=\"\" srcset=\"https:\/\/brodandtaylor.eu\/wp-content\/uploads\/2019\/08\/breadphoto.jpg 400w, https:\/\/brodandtaylor.eu\/wp-content\/uploads\/2019\/08\/breadphoto-280x280.jpg 280w, https:\/\/brodandtaylor.eu\/wp-content\/uploads\/2019\/08\/breadphoto-100x100.jpg 100w\" sizes=\"(max-width: 400px) 100vw, 400px\" \/>\t\t\t\t\t\t\n\t\t\t\t\t<\/div>\n\t\t\t\t\t\t\t\t\n<style>\n#image_1663587783 {\n  width: 100%;\n}\n<\/style>\n\t<\/div>\n\t\n<h4>Der Traum eines jeden Hobby-B\u00e4ckers<\/h4>\n<p>Genaue Temperaturregelung. Konstante Luftfeuchtigkeit.<\/p>\n\t<div class=\"img has-hover x md-x lg-x y md-y lg-y\" id=\"image_1914111646\">\n\t\t\t\t\t\t\t\t<div class=\"img-inner dark\" >\n\t\t\t<img decoding=\"async\" width=\"400\" height=\"288\" src=\"https:\/\/brodandtaylor.eu\/wp-content\/uploads\/2019\/08\/FP-205-Bread-28C-DE.jpg\" class=\"attachment-large size-large\" alt=\"\" \/>\t\t\t\t\t\t\n\t\t\t\t\t<\/div>\n\t\t\t\t\t\t\t\t\n<style>\n#image_1914111646 {\n  width: 100%;\n}\n<\/style>\n\t<\/div>\n\t\n\t\t<\/div>\n\t\t\t\t\t<\/div>\n\n\t\n\n\t<div id=\"col-908613341\" class=\"col medium-4 small-12 large-4\"  >\n\t\t\t\t<div class=\"col-inner\"  >\n\t\t\t\n\t\t\t\n<h3 style=\"text-align: center;\">Kultivierung<\/h3>\n\t<div class=\"img has-hover x md-x lg-x y md-y lg-y\" id=\"image_1263436311\">\n\t\t\t\t\t\t\t\t<div class=\"img-inner dark\" >\n\t\t\t<img decoding=\"async\" width=\"400\" height=\"400\" src=\"https:\/\/brodandtaylor.eu\/wp-content\/uploads\/2019\/08\/yogurtpic.jpg\" class=\"attachment-large size-large\" alt=\"\" srcset=\"https:\/\/brodandtaylor.eu\/wp-content\/uploads\/2019\/08\/yogurtpic.jpg 400w, https:\/\/brodandtaylor.eu\/wp-content\/uploads\/2019\/08\/yogurtpic-280x280.jpg 280w, https:\/\/brodandtaylor.eu\/wp-content\/uploads\/2019\/08\/yogurtpic-100x100.jpg 100w\" sizes=\"(max-width: 400px) 100vw, 400px\" \/>\t\t\t\t\t\t\n\t\t\t\t\t<\/div>\n\t\t\t\t\t\t\t\t\n<style>\n#image_1263436311 {\n  width: 100%;\n}\n<\/style>\n\t<\/div>\n\t\n<h4>Kultivierung perfektioniert<\/h4>\n<p>Die ultimative L\u00f6sung f\u00fcr die Fermentierung und Kultivierung.<\/p>\n\t<div class=\"img has-hover x md-x lg-x y md-y lg-y\" id=\"image_788044348\">\n\t\t\t\t\t\t\t\t<div class=\"img-inner dark\" >\n\t\t\t<img decoding=\"async\" width=\"400\" height=\"288\" src=\"https:\/\/brodandtaylor.eu\/wp-content\/uploads\/2019\/08\/FP-205-yogurt-30C-DE.jpg\" class=\"attachment-large size-large\" alt=\"\" \/>\t\t\t\t\t\t\n\t\t\t\t\t<\/div>\n\t\t\t\t\t\t\t\t\n<style>\n#image_788044348 {\n  width: 100%;\n}\n<\/style>\n\t<\/div>\n\t\n\t\t<\/div>\n\t\t\t\t\t<\/div>\n\n\t\n<\/div>\n\n\t<section class=\"section dark\" id=\"section_1786472709\">\n\t\t<div class=\"section-bg fill\" >\n\t\t\t\t\t\t\t\t\t\n\t\t\t\n\n\t\t<\/div>\n\n\t\t\n\n\t\t<div class=\"section-content relative\">\n\t\t\t\n<div class=\"row row-collapse row-full-width align-middle\"  id=\"row-1387673459\">\n\n\t<div id=\"col-302992223\" class=\"col medium-6 small-12 large-6\"  >\n\t\t\t\t<div class=\"col-inner text-left\"  >\n\t\t\t\n\t\t\t\n<h3 data-fontsize=\"44\" data-lineheight=\"48\">Ausgekl\u00fcgeltes faltbares Design<br \/>\nFaltbares Design f\u00fcr platzsparende Aufbewahrung<\/h3>\n<p>Gro\u00df genug, um mehrere Brotlaibe oder eine gro\u00dfe R\u00fchrsch\u00fcssel aufzunehmen &#8211; Zusammengeklappt passt er zusammen mit Ihren Backblechen oder Schneidebrettern, in jede gr\u00f6\u00dfere K\u00fcchenschublade. Das Gitter sowie die Wasserschale werden im zusammengeklappten Ger\u00e4t verstaut.<\/p>\n\t\t<\/div>\n\t\t\t\t\n<style>\n#col-302992223 > .col-inner {\n  padding: 5% 5% 5% 0px;\n  max-width: 520px;\n}\n<\/style>\n\t<\/div>\n\n\t\n\n\t<div id=\"col-1183807815\" class=\"col medium-2 small-12 large-2\"  >\n\t\t\t\t<div class=\"col-inner\"  >\n\t\t\t\n\t\t\t\n\t\t<\/div>\n\t\t\t\t\t<\/div>\n\n\t\n\n\t<div id=\"col-1627274624\" class=\"col medium-4 small-12 large-4\"  >\n\t\t\t\t<div class=\"col-inner\"  >\n\t\t\t\n\t\t\t\n\t<div class=\"img has-hover x md-x lg-x y md-y lg-y\" id=\"image_1152406829\">\n\t\t\t\t\t\t\t\t<div class=\"img-inner dark\" >\n\t\t\t<img decoding=\"async\" width=\"300\" height=\"169\" src=\"https:\/\/brodandtaylor.eu\/wp-content\/uploads\/2019\/08\/ProoferAnimation.gif\" class=\"attachment-large size-large\" alt=\"\" \/>\t\t\t\t\t\t\n\t\t\t\t\t<\/div>\n\t\t\t\t\t\t\t\t\n<style>\n#image_1152406829 {\n  width: 100%;\n}\n<\/style>\n\t<\/div>\n\t\n\t\t<\/div>\n\t\t\t\t\n<style>\n#col-1627274624 > .col-inner {\n  margin: 5px 0px 0px 0px;\n}\n<\/style>\n\t<\/div>\n\n\t\n<\/div>\n\t\t<\/div>\n\n\t\t\n<style>\n#section_1786472709 {\n  padding-top: 0px;\n  padding-bottom: 0px;\n  background-color: rgb(51, 51, 51);\n}\n<\/style>\n\t<\/section>\n\t\n<div class=\"row\"  id=\"row-2010894624\">\n\n\t<div id=\"col-668414127\" class=\"col medium-4 small-12 large-4\"  >\n\t\t\t\t<div class=\"col-inner\"  >\n\t\t\t\n\t\t\t\n<h3>Technische Daten<\/h3>\n<ul>\n<li>Temperaturbereich: 21\u00b0-49\u00ba C im G\u00e4rmodus &amp; bis zu 90\u00ba C im Schongarmodus<\/li>\n<li>Typische Luftfeuchtigkeit 60-80 %<\/li>\n<li>Heizplatte aus eloxiertem Aluminium<\/li>\n<li>Gitter aus Edelstahl<\/li>\n<li>Wasserschale aus Aluminium<\/li>\n<li>Verst\u00e4rkter Polypropylenk\u00f6rper mit gro\u00dfem Sichtfenster<\/li>\n<li>Bedienungsanleitung mit Rezeptheft<\/li>\n<li>Max. 200W Leistungsaufnahme<\/li>\n<li>Spannung: 220-240 V, 50 Hz (200 Watt)<\/li>\n<li>Gewicht: 3.4 kg, Gewicht mit Verpackung 4.3 kg<\/li>\n<\/ul>\n\t\t<\/div>\n\t\t\t\t\t<\/div>\n\n\t\n\n\t<div id=\"col-1950257453\" class=\"col medium-4 small-12 large-4\"  >\n\t\t\t\t<div class=\"col-inner\"  >\n\t\t\t\n\t\t\t\n<h3>Ma\u00dfe<\/h3>\n<ul>\n<li>Innenma\u00df (ge\u00f6ffnet)\u00a0BxTxH:: 38 x 32 x 20 cm<\/li>\n<li>Au\u00dfenma\u00df (ge\u00f6ffnet) BxTxH: 46 x 37 x 27 cm<\/li>\n<li>Au\u00dfenma\u00df\u00a0(gefaltet) BxTxH: 46 x 37 x 8 cm<\/li>\n<\/ul>\n<h3>Garantie<\/h3>\n<ul>\n<li>3 Jahre<\/li>\n<\/ul>\n\t\t<\/div>\n\t\t\t\t\t<\/div>\n\n\t\n\n\t<div id=\"col-205586144\" class=\"col medium-4 small-12 large-4\"  >\n\t\t\t\t<div class=\"col-inner\"  >\n\t\t\t\n\t\t\t\n<h3>Modellinformationen<\/h3>\n<ul>\n<li>Das Modell FP-205 Faltbarer G\u00e4rautomat und Schongarer ersetzt das Modell FP-201. \u00a0Der FP-205 ist eine Weiterentwicklung des FP-201 und beinhaltet zus\u00e4tzlich einen Slow-Cook-Modus.\u00a0 Siehe <a href=\"https:\/\/brodandtaylor.eu\/de\/faq-de\/\">FAQs<\/a> f\u00fcr weitere Informationen.<\/li>\n<li>Lagerung: Gitter, Wasserschale sowie W\u00e4nde k\u00f6nnen im G\u00e4rautomaten verstaut werden.<\/li>\n<li>Netzkabel: Sie erhalten einen EU Schukostecker (wie abgebildet). \u00a0Wir haben auch Stecker f\u00fcr weitere L\u00e4nder wie. Z.B. Gro\u00df Britannien &amp; Irland auf Lager. \u00a0Bitte kontaktieren Sie uns sollten Sie ein anderes Kabel ben\u00f6tigen.<\/li>\n<li>Alle abnehmbaren Teile sind sp\u00fclmaschinenfest<\/li>\n<\/ul>\n\t\t<\/div>\n\t\t\t\t\t<\/div>\n\n\t\n<\/div>\n<h2>Wie es funktioniert: G\u00e4rmodus<\/h2>\n<p>Der Brod &amp; Taylor G\u00e4rautomat &amp; Schongarer FP 205 schafft eine Umgebung mit gleichbleibender Niedertemperaturw\u00e4rme, die f\u00fcr viele Kochprozesse unerl\u00e4sslich ist.\u00a0 Unser G\u00e4rautomat bietet die ideale W\u00e4rme f\u00fcr Teig, Joghurt, Superfoods und zum Schokolade temperieren.<\/p>\n<p>Ein Thermostat in der Unterseite des G\u00e4rautomaten steuert die W\u00e4rme, sodass der G\u00e4rautomat viel kontinuierlicher arbeitet als handels\u00fcbliche Joghurtzubereiter, Dehydratoren oder \u00d6fen mit G\u00e4reinsch\u00fcben. Die Zutaten werden durch Strahlungsw\u00e4rme von der Basis erw\u00e4rmt und bleiben in der Regel innerhalb von wenigen Grad stabil.<\/p>\n<p>Schonende und gleichm\u00e4\u00dfige Strahlungsw\u00e4rme steigt von der Aluminium-Heizplatte auf und erw\u00e4rmt die Zutaten. Gitter und Einsch\u00fcbe werden beim Verstauen im Ger\u00e4t aufbewahrt.\u00a0 Im G\u00e4rmodus stehen Ihnen mit dem digitalen Temperaturregler Einstellungen von 21\u00b0-49\u00b0 C zu Verf\u00fcgung.<\/p>\n<h3>G\u00e4rmodus &#8211; Feucht<\/h3>\n<p>F\u00fcr aufgehenden Brotteig kann die Luftfeuchtigkeit durch Verwendung des mitgelieferten Wasserbeh\u00e4lters (typische Luftfeuchtigkeit 60-80 %) erh\u00f6ht werden.<\/p>\n<h3>G\u00e4rmodus &#8211; Trocken<\/h3>\n<p>Der Brod &amp; Taylor G\u00e4rautomat &amp; Schongarer FP 205 kann nat\u00fcrlich auch ohne Wasserschale benutzt werden. Dies ist f\u00fcr dem temperieren von Schokolade sowie das Herstellen von Joghurt, Butter, Tempeh, Kefir, Kombucha, Saurer Creme, Creme Fraiche, K\u00e4se und Natto besonders geeignet. Entfernen Sie dazu die Wasserschale und stellen Sie Ihren Beh\u00e4lter mit den Zutaten auf das Gestell \u00fcber der Heizplatte.<\/p>\n<div class=\"row\"  id=\"row-1188425306\">\n\n\t<div id=\"col-1347466343\" class=\"col medium-6 small-12 large-6\"  >\n\t\t\t\t<div class=\"col-inner\"  >\n\t\t\t\n\t\t\t\n\t<div class=\"img has-hover x md-x lg-x y md-y lg-y\" id=\"image_46911374\">\n\t\t\t\t\t\t\t\t<div class=\"img-inner dark\" >\n\t\t\t<img decoding=\"async\" width=\"600\" height=\"480\" src=\"https:\/\/brodandtaylor.eu\/wp-content\/uploads\/2022\/10\/FP-Gaermodus-feucht-DE-1.jpg\" class=\"attachment-original size-original\" alt=\"\" srcset=\"https:\/\/brodandtaylor.eu\/wp-content\/uploads\/2022\/10\/FP-Gaermodus-feucht-DE-1.jpg 600w, https:\/\/brodandtaylor.eu\/wp-content\/uploads\/2022\/10\/FP-Gaermodus-feucht-DE-1-500x400.jpg 500w, https:\/\/brodandtaylor.eu\/wp-content\/uploads\/2022\/10\/FP-Gaermodus-feucht-DE-1-400x320.jpg 400w\" sizes=\"(max-width: 600px) 100vw, 600px\" \/>\t\t\t\t\t\t\n\t\t\t\t\t<\/div>\n\t\t\t\t\t\t\t\t\n<style>\n#image_46911374 {\n  width: 100%;\n}\n<\/style>\n\t<\/div>\n\t\n\t\t<\/div>\n\t\t\t\t\t<\/div>\n\n\t\n\n\t<div id=\"col-1670546969\" class=\"col medium-6 small-12 large-6\"  >\n\t\t\t\t<div class=\"col-inner\"  >\n\t\t\t\n\t\t\t\n\t<div class=\"img has-hover x md-x lg-x y md-y lg-y\" id=\"image_243928436\">\n\t\t\t\t\t\t\t\t<div class=\"img-inner dark\" >\n\t\t\t<img decoding=\"async\" width=\"600\" height=\"480\" src=\"https:\/\/brodandtaylor.eu\/wp-content\/uploads\/2022\/10\/FP-Gaermodus-trocken-DE.jpg\" class=\"attachment-original size-original\" alt=\"\" srcset=\"https:\/\/brodandtaylor.eu\/wp-content\/uploads\/2022\/10\/FP-Gaermodus-trocken-DE.jpg 600w, https:\/\/brodandtaylor.eu\/wp-content\/uploads\/2022\/10\/FP-Gaermodus-trocken-DE-500x400.jpg 500w, https:\/\/brodandtaylor.eu\/wp-content\/uploads\/2022\/10\/FP-Gaermodus-trocken-DE-400x320.jpg 400w\" sizes=\"(max-width: 600px) 100vw, 600px\" \/>\t\t\t\t\t\t\n\t\t\t\t\t<\/div>\n\t\t\t\t\t\t\t\t\n<style>\n#image_243928436 {\n  width: 100%;\n}\n<\/style>\n\t<\/div>\n\t\n\t\t<\/div>\n\t\t\t\t\t<\/div>\n\n\t\n<\/div>\n<div>\n<div>\n<h2>Wie es funktioniert: Schongarmodus<\/h2>\n<h3>Der erste faltbare Slow Cooker der Welt: Verstaut nur 8cm d\u00fcnn!<\/h3>\n<\/div>\n<div>Der Brod &amp; Taylor G\u00e4rautomat und Schongarer FP 205 kann im Schongarmodus betrieben werdem um traditionelle Slow-Cook Rezepte zu kochen oder mal etwas ausgefallenes zuzubereiten wie zum Beispiel schwarzen Knoblauch herzustellen oder Sous-Vide Kochen.<\/div>\n<div><\/div>\n<div>Stellen Sie hierzu Ihren Kochtopf direkt auf die Heizplatte. F\u00fcr das Schongaren wird sowohl das Gitter als auch die Wasserschale entfernt. Stellen Sie die gew\u00fcnschte Temperatur auf dem Digitaldisplay entsprechend den Angaben im Brod &amp; Taylor Rezept ein. Brod &amp; Taylor Slow-Cooker Rezepte finden Sie <a href=\"\/kategorie\/rezepte\/schongaren-2\/\">hier<\/a>.<\/div>\n<\/div>\n<div class=\"row\"  id=\"row-1155618858\">\n\n\t<div id=\"col-1237666655\" class=\"col medium-7 small-12 large-7\"  >\n\t\t\t\t<div class=\"col-inner\"  >\n\t\t\t\n\t\t\t\n\t<div class=\"img has-hover x md-x lg-x y md-y lg-y\" id=\"image_145806580\">\n\t\t\t\t\t\t\t\t<div class=\"img-inner dark\" >\n\t\t\t<img decoding=\"async\" width=\"600\" height=\"401\" src=\"https:\/\/brodandtaylor.eu\/wp-content\/uploads\/2022\/10\/FP-Schongaren-90C-DE.jpg\" class=\"attachment-original size-original\" alt=\"\" srcset=\"https:\/\/brodandtaylor.eu\/wp-content\/uploads\/2022\/10\/FP-Schongaren-90C-DE.jpg 600w, https:\/\/brodandtaylor.eu\/wp-content\/uploads\/2022\/10\/FP-Schongaren-90C-DE-400x267.jpg 400w\" sizes=\"(max-width: 600px) 100vw, 600px\" \/>\t\t\t\t\t\t\n\t\t\t\t\t<\/div>\n\t\t\t\t\t\t\t\t\n<style>\n#image_145806580 {\n  width: 100%;\n}\n<\/style>\n\t<\/div>\n\t\n\t\t<\/div>\n\t\t\t\t\t<\/div>\n\n\t\n\n\t<div id=\"col-311858099\" class=\"col medium-5 small-12 large-5\"  >\n\t\t\t\t<div class=\"col-inner\"  >\n\t\t\t\n\t\t\t\n\t<div class=\"img has-hover x md-x lg-x y md-y lg-y\" id=\"image_859808610\">\n\t\t\t\t\t\t\t\t<div class=\"img-inner dark\" >\n\t\t\t<img decoding=\"async\" width=\"600\" height=\"532\" src=\"https:\/\/brodandtaylor.eu\/wp-content\/uploads\/2022\/10\/Slow-cooker-red-pot-inside.jpg\" class=\"attachment-original size-original\" alt=\"\" srcset=\"https:\/\/brodandtaylor.eu\/wp-content\/uploads\/2022\/10\/Slow-cooker-red-pot-inside.jpg 600w, https:\/\/brodandtaylor.eu\/wp-content\/uploads\/2022\/10\/Slow-cooker-red-pot-inside-451x400.jpg 451w, https:\/\/brodandtaylor.eu\/wp-content\/uploads\/2022\/10\/Slow-cooker-red-pot-inside-400x355.jpg 400w\" sizes=\"(max-width: 600px) 100vw, 600px\" \/>\t\t\t\t\t\t\n\t\t\t\t\t<\/div>\n\t\t\t\t\t\t\t\t\n<style>\n#image_859808610 {\n  width: 100%;\n}\n<\/style>\n\t<\/div>\n\t\n\t\t<\/div>\n\t\t\t\t\t<\/div>\n\n\t\n<\/div>\n","protected":false},"excerpt":{"rendered":"<p>Brod &amp; Taylor Klappbarer G\u00e4rautomat und Schongarer Der faltbare G\u00e4rautomat &amp; Schongarer FP-205 ist die Weiterentwicklung vom bekannten FP-201. \u00a0Er besitzt eine noch bessere Temperaturgenauigkeit sowie einen Schongarmodus. \u00a0Die Produktion vom FP-201 wurde somit eingestellt. Der Brod &amp; Taylor G\u00e4rautomat ist platzsparend zu verstauen und mit wenigen Handgriffen wieder gebrauchsfertig aufgebaut. Der FP-205 kann kontinuierlich[&#8230;]\n","protected":false},"featured_media":15171,"comment_status":"open","ping_status":"closed","template":"","meta":{"_acf_changed":false},"product_brand":[],"product_cat":[45],"product_tag":[],"class_list":{"0":"post-3353","1":"product","2":"type-product","3":"status-publish","4":"has-post-thumbnail","6":"product_cat-gaerautomat","8":"first","9":"instock","10":"sale","11":"taxable","12":"shipping-taxable","13":"purchasable","14":"product-type-variable"},"bundled_by":[],"bundle_stock_status":"instock","bundle_stock_quantity":null,"bundle_virtual":false,"bundle_layout":"","bundle_add_to_cart_form_location":"","bundle_editable_in_cart":false,"bundle_sold_individually_context":"","bundle_item_grouping":"","bundle_min_size":"","bundle_max_size":"","bundle_price":[],"bundled_items":[],"bundle_sell_ids":[],"acf":[],"_links":{"self":[{"href":"https:\/\/brodandtaylor.eu\/de\/wp-json\/wp\/v2\/product\/3353","targetHints":{"allow":["GET"]}}],"collection":[{"href":"https:\/\/brodandtaylor.eu\/de\/wp-json\/wp\/v2\/product"}],"about":[{"href":"https:\/\/brodandtaylor.eu\/de\/wp-json\/wp\/v2\/types\/product"}],"replies":[{"embeddable":true,"href":"https:\/\/brodandtaylor.eu\/de\/wp-json\/wp\/v2\/comments?post=3353"}],"wp:featuredmedia":[{"embeddable":true,"href":"https:\/\/brodandtaylor.eu\/de\/wp-json\/wp\/v2\/media\/15171"}],"wp:attachment":[{"href":"https:\/\/brodandtaylor.eu\/de\/wp-json\/wp\/v2\/media?parent=3353"}],"wp:term":[{"taxonomy":"product_brand","embeddable":true,"href":"https:\/\/brodandtaylor.eu\/de\/wp-json\/wp\/v2\/product_brand?post=3353"},{"taxonomy":"product_cat","embeddable":true,"href":"https:\/\/brodandtaylor.eu\/de\/wp-json\/wp\/v2\/product_cat?post=3353"},{"taxonomy":"product_tag","embeddable":true,"href":"https:\/\/brodandtaylor.eu\/de\/wp-json\/wp\/v2\/product_tag?post=3353"}],"curies":[{"name":"wp","href":"https:\/\/api.w.org\/{rel}","templated":true}]}}