{"id":22841,"date":"2025-12-02T17:33:08","date_gmt":"2025-12-02T16:33:08","guid":{"rendered":"https:\/\/brodandtaylor.eu\/?post_type=product&#038;p=22841"},"modified":"2026-04-07T12:08:53","modified_gmt":"2026-04-07T10:08:53","slug":"teigwanne-von-brod-taylor","status":"publish","type":"product","link":"https:\/\/brodandtaylor.eu\/de\/produkt\/teigwanne-von-brod-taylor\/","title":{"rendered":"Teigwanne von Brod &#038; Taylor"},"content":{"rendered":"\n  <div class=\"banner has-hover\" id=\"banner-1750747920\">\n          <div class=\"banner-inner fill\">\n        <div class=\"banner-bg fill\" >\n            <img decoding=\"async\" width=\"1020\" height=\"418\" src=\"https:\/\/brodandtaylor.eu\/wp-content\/uploads\/2025\/12\/Proofer_Container_A__Header_desktop.jpg-1400x574.webp\" class=\"bg attachment-large size-large\" alt=\"\" \/>                        <div class=\"overlay\"><\/div>            \n                    <\/div>\n\t\t\n        <div class=\"banner-layers container\">\n            <div class=\"fill banner-link\"><\/div>            \n   <div id=\"text-box-1559865758\" class=\"text-box banner-layer x10 md-x10 lg-x10 y25 md-y25 lg-y25 res-text\">\n                                <div class=\"text-box-content text dark\">\n              \n              <div class=\"text-inner text-center\">\n                  \n\t<div id=\"text-1874622747\" class=\"text\">\n\t\t\n<h3 class=\"uppercase\"><strong>Brod &amp; Taylor Teigwanne<\/strong><\/h3>\n<h4>Au\u00dfenma\u00dfe: 32,5 x 26,5 x 10 cm<\/h4>\n\t\t\n<style>\n#text-1874622747 {\n  text-align: left;\n}\n<\/style>\n\t<\/div>\n\t\n              <\/div>\n           <\/div>\n                            \n<style>\n#text-box-1559865758 {\n  width: 60%;\n}\n#text-box-1559865758 .text-box-content {\n  font-size: 100%;\n}\n<\/style>\n    <\/div>\n \n        <\/div>\n      <\/div>\n\n            \n<style>\n#banner-1750747920 {\n  padding-top: 356px;\n}\n#banner-1750747920 .overlay {\n  background-color: rgba(0,0,0,.5);\n}\n<\/style>\n  <\/div>\n\n\n\t<div id=\"gap-987661083\" class=\"gap-element clearfix\" style=\"display:block; height:auto;\">\n\t\t\n<style>\n#gap-987661083 {\n  padding-top: 30px;\n}\n<\/style>\n\t<\/div>\n\t\n<p>Der perfekte Beh\u00e4lter zum Mischen, Gehenlassen und Falten Ihres Teigs. Ideal f\u00fcr jede Art von Brot- oder Pizzateig \u2013 oder zur praktischen Lagerung gr\u00f6\u00dferer Mengen.<\/p>\n<p>Hergestellt aus lebensmittelechtem, BPA-freiem Polypropylen f\u00fcr Langlebigkeit, Robustheit und geringes Gewicht. Seine nat\u00fcrlichen Antihaft-Eigenschaften verhindern das Anhaften von Teig und erleichtern die Reinigung.<\/p>\n<p>Der dicht schlie\u00dfende Deckel sorgt f\u00fcr eine gleichm\u00e4\u00dfige Luftfeuchtigkeit und Temperatur und garantiert so ein perfektes Aufgehen. Dank der Volumenmarkierungen an der Seite l\u00e4sst sich die H\u00f6he des Teigs leicht kontrollieren.<\/p>\n<p>Passt perfekt in den Brod &amp; Taylor Folding Proofer, und zwei Beh\u00e4lter k\u00f6nnen darin gestapelt werden.<\/p>\n<p>Au\u00dfenma\u00dfe: 32,5 x 26,5 x 10 cm.<\/p>\n<p>Mit einem Gesamtfassungsverm\u00f6gen von 6 l eignet er sich perfekt f\u00fcr Teigmengen bis zu 3000 Gramm.<\/p>\n<p>Sp\u00fclmaschinenfest, gefrierfest und stapelbar.<\/p>\n","protected":false},"excerpt":{"rendered":"<p>Der perfekte Beh\u00e4lter zum Mischen, Gehenlassen und Falten Ihres Teigs.<\/p>\n<p>Ideal f\u00fcr jede Art von Brot- oder Pizzateig \u2013 oder zur praktischen Lagerung gr\u00f6\u00dferer Mengen.<\/p>\n<p>Au\u00dfenma\u00dfe: 32,5 x 26,5 x 10 cm.<\/p>\n","protected":false},"featured_media":22848,"comment_status":"open","ping_status":"closed","template":"","meta":{"_acf_changed":false},"product_brand":[],"product_cat":[45,97],"product_tag":[],"class_list":{"0":"post-22841","1":"product","2":"type-product","3":"status-publish","4":"has-post-thumbnail","6":"product_cat-gaerautomat","7":"product_cat-gaerautomat-zubehoer","9":"first","10":"instock","11":"taxable","12":"shipping-taxable","13":"purchasable","14":"product-type-simple"},"bundled_by":[],"bundle_stock_status":"instock","bundle_stock_quantity":7,"bundle_virtual":false,"bundle_layout":"","bundle_add_to_cart_form_location":"","bundle_editable_in_cart":false,"bundle_sold_individually_context":"","bundle_item_grouping":"","bundle_min_size":"","bundle_max_size":"","bundle_price":[],"bundled_items":[],"bundle_sell_ids":[],"acf":[],"_links":{"self":[{"href":"https:\/\/brodandtaylor.eu\/de\/wp-json\/wp\/v2\/product\/22841","targetHints":{"allow":["GET"]}}],"collection":[{"href":"https:\/\/brodandtaylor.eu\/de\/wp-json\/wp\/v2\/product"}],"about":[{"href":"https:\/\/brodandtaylor.eu\/de\/wp-json\/wp\/v2\/types\/product"}],"replies":[{"embeddable":true,"href":"https:\/\/brodandtaylor.eu\/de\/wp-json\/wp\/v2\/comments?post=22841"}],"wp:featuredmedia":[{"embeddable":true,"href":"https:\/\/brodandtaylor.eu\/de\/wp-json\/wp\/v2\/media\/22848"}],"wp:attachment":[{"href":"https:\/\/brodandtaylor.eu\/de\/wp-json\/wp\/v2\/media?parent=22841"}],"wp:term":[{"taxonomy":"product_brand","embeddable":true,"href":"https:\/\/brodandtaylor.eu\/de\/wp-json\/wp\/v2\/product_brand?post=22841"},{"taxonomy":"product_cat","embeddable":true,"href":"https:\/\/brodandtaylor.eu\/de\/wp-json\/wp\/v2\/product_cat?post=22841"},{"taxonomy":"product_tag","embeddable":true,"href":"https:\/\/brodandtaylor.eu\/de\/wp-json\/wp\/v2\/product_tag?post=22841"}],"curies":[{"name":"wp","href":"https:\/\/api.w.org\/{rel}","templated":true}]}}