{"id":22497,"date":"2025-10-15T09:12:25","date_gmt":"2025-10-15T07:12:25","guid":{"rendered":"https:\/\/brodandtaylor.eu\/?post_type=product&#038;p=22497"},"modified":"2026-02-01T17:12:07","modified_gmt":"2026-02-01T16:12:07","slug":"doerrgitterauflage-weiss-410-x-253-mm-fuer-sahara","status":"publish","type":"product","link":"https:\/\/brodandtaylor.eu\/de\/produkt\/doerrgitterauflage-weiss-410-x-253-mm-fuer-sahara\/","title":{"rendered":"D\u00f6rrgitterauflage wei\u00df (410 x 253 mm) f\u00fcr Sahara"},"content":{"rendered":"<h2>Netzt D\u00f6rrgitterauflage f\u00fcr D\u00f6rrautomat<\/h2>\n<p>Nicht haftende D\u00f6rrgitterauflage f\u00fcr den <a href=\"https:\/\/brodandtaylor.eu\/de\/produkt\/sahara-faltbarer-doerrautomat\/\">Sahara D\u00f6rrautomat<\/a>.<br \/>\nHervorragend geeignet zur Ablage von kleinen Produkten, Kr\u00e4utern und mehr.<\/p>\n<p>Format: 410 x 253 mm<br \/>\nPackung mit 7 St\u00fcck<\/p>\n","protected":false},"excerpt":{"rendered":"<p>Netzt D\u00f6rrgitterauflage f\u00fcr D\u00f6rrautomat Nicht haftende D\u00f6rrgitterauflage f\u00fcr den Sahara D\u00f6rrautomat. Hervorragend geeignet zur Ablage von kleinen Produkten, Kr\u00e4utern und mehr. Format: 410 x 253 mm Packung mit 7 St\u00fcck<\/p>\n","protected":false},"featured_media":22520,"comment_status":"open","ping_status":"closed","template":"","meta":{"_acf_changed":false,"_monsterinsights_skip_tracking":false,"_monsterinsights_sitenote_active":false,"_monsterinsights_sitenote_note":"","_monsterinsights_sitenote_category":0},"product_brand":[],"product_cat":[92],"product_tag":[],"class_list":{"0":"post-22497","1":"product","2":"type-product","3":"status-publish","4":"has-post-thumbnail","6":"product_cat-doerrautomat-zubehoer-kaufen","8":"first","9":"instock","10":"taxable","11":"shipping-taxable","12":"purchasable","13":"product-type-simple"},"bundled_by":[],"bundle_stock_status":"instock","bundle_stock_quantity":97,"bundle_virtual":false,"bundle_layout":"","bundle_add_to_cart_form_location":"","bundle_editable_in_cart":false,"bundle_sold_individually_context":"","bundle_item_grouping":"","bundle_min_size":"","bundle_max_size":"","bundle_price":[],"bundled_items":[],"bundle_sell_ids":[],"acf":[],"_links":{"self":[{"href":"https:\/\/brodandtaylor.eu\/de\/wp-json\/wp\/v2\/product\/22497","targetHints":{"allow":["GET"]}}],"collection":[{"href":"https:\/\/brodandtaylor.eu\/de\/wp-json\/wp\/v2\/product"}],"about":[{"href":"https:\/\/brodandtaylor.eu\/de\/wp-json\/wp\/v2\/types\/product"}],"replies":[{"embeddable":true,"href":"https:\/\/brodandtaylor.eu\/de\/wp-json\/wp\/v2\/comments?post=22497"}],"wp:featuredmedia":[{"embeddable":true,"href":"https:\/\/brodandtaylor.eu\/de\/wp-json\/wp\/v2\/media\/22520"}],"wp:attachment":[{"href":"https:\/\/brodandtaylor.eu\/de\/wp-json\/wp\/v2\/media?parent=22497"}],"wp:term":[{"taxonomy":"product_brand","embeddable":true,"href":"https:\/\/brodandtaylor.eu\/de\/wp-json\/wp\/v2\/product_brand?post=22497"},{"taxonomy":"product_cat","embeddable":true,"href":"https:\/\/brodandtaylor.eu\/de\/wp-json\/wp\/v2\/product_cat?post=22497"},{"taxonomy":"product_tag","embeddable":true,"href":"https:\/\/brodandtaylor.eu\/de\/wp-json\/wp\/v2\/product_tag?post=22497"}],"curies":[{"name":"wp","href":"https:\/\/api.w.org\/{rel}","templated":true}]}}