{"id":22496,"date":"2025-10-15T09:12:25","date_gmt":"2025-10-15T07:12:25","guid":{"rendered":"https:\/\/brodandtaylor.eu\/?post_type=product&#038;p=22496"},"modified":"2026-03-15T19:18:00","modified_gmt":"2026-03-15T18:18:00","slug":"brod-taylor-brot-und-pizzaschieber","status":"publish","type":"product","link":"https:\/\/brodandtaylor.eu\/de\/produkt\/brod-taylor-brot-und-pizzaschieber\/","title":{"rendered":"Brod &#038; Taylor Brot- und Pizzaschieber"},"content":{"rendered":"<h2>Brotschieber \/ Pizzaschieber von Brod &amp; Taylor<\/h2>\n<p>Nehmen Sie Brot oder Pizza mit Stil aus dem Ofen.<\/p>\n<p>Dank des d\u00fcnnen Profils und der glatten Kante gleitet der Brotsch\u00e4ler mit Leichtigkeit unter jeden Teig oder jede Pizza. Die perfekte Gr\u00f6\u00dfe f\u00fcr die heimische K\u00fcche.<\/p>\n<p>Die robuste Konstruktion aus eloxiertem Aluminium bietet eine lebensmittelechte, antihaftbeschichtete Oberfl\u00e4che. Leichtes Design f\u00fcr einfache Handhabung.<\/p>\n<ul>\n<li>30 x 30,5 cm Fl\u00e4che<\/li>\n<li>56 cm Gesamtl\u00e4nge (mit Griff)<\/li>\n<li>Handw\u00e4sche empfohlen.<\/li>\n<\/ul>\n\t<div class=\"img has-hover x md-x lg-x y md-y lg-y\" id=\"image_1035705440\">\n\t\t\t\t\t\t\t\t<div class=\"img-inner dark\" >\n\t\t\t<img loading=\"lazy\" decoding=\"async\" width=\"1020\" height=\"418\" src=\"https:\/\/brodandtaylor.eu\/wp-content\/uploads\/2025\/10\/Brotschieber-Pizzaschieber-Header-008444.webp\" class=\"attachment-large size-large\" alt=\"\" srcset=\"https:\/\/brodandtaylor.eu\/wp-content\/uploads\/2025\/10\/Brotschieber-Pizzaschieber-Header-008444.webp 1280w, https:\/\/brodandtaylor.eu\/wp-content\/uploads\/2025\/10\/Brotschieber-Pizzaschieber-Header-008444-800x328.webp 800w, https:\/\/brodandtaylor.eu\/wp-content\/uploads\/2025\/10\/Brotschieber-Pizzaschieber-Header-008444-768x315.webp 768w, https:\/\/brodandtaylor.eu\/wp-content\/uploads\/2025\/10\/Brotschieber-Pizzaschieber-Header-008444-400x164.webp 400w\" sizes=\"auto, (max-width: 1020px) 100vw, 1020px\" \/>\t\t\t\t\t\t\n\t\t\t\t\t<\/div>\n\t\t\t\t\t\t\t\t\n<style>\n#image_1035705440 {\n  width: 100%;\n}\n<\/style>\n\t<\/div>\n\t\n<h3>Perfekte Gr\u00f6\u00dfe f\u00fcr die K\u00fcche zu Hause<\/h3>\n<p>Ein d\u00fcnnes Profil und glatte Kante erm\u00f6glichen es, leicht unter jeden Teig oder Pizza zu kommen.<\/p>\n<p>30 x 30,5 cm F\u00e4che der Schaufel mit einem 18 cm langem Griff, insgesamt 56 cm L\u00e4nge.<\/p>\n\t<div class=\"img has-hover x md-x lg-x y md-y lg-y\" id=\"image_976033971\">\n\t\t\t\t\t\t\t\t<div class=\"img-inner dark\" >\n\t\t\t<img loading=\"lazy\" decoding=\"async\" width=\"1000\" height=\"410\" src=\"https:\/\/brodandtaylor.eu\/wp-content\/uploads\/2025\/10\/Brotschieber-Pizzaschieber-Text-1-008444.webp\" class=\"attachment-large size-large\" alt=\"\" srcset=\"https:\/\/brodandtaylor.eu\/wp-content\/uploads\/2025\/10\/Brotschieber-Pizzaschieber-Text-1-008444.webp 1000w, https:\/\/brodandtaylor.eu\/wp-content\/uploads\/2025\/10\/Brotschieber-Pizzaschieber-Text-1-008444-800x328.webp 800w, https:\/\/brodandtaylor.eu\/wp-content\/uploads\/2025\/10\/Brotschieber-Pizzaschieber-Text-1-008444-768x315.webp 768w, https:\/\/brodandtaylor.eu\/wp-content\/uploads\/2025\/10\/Brotschieber-Pizzaschieber-Text-1-008444-400x164.webp 400w\" sizes=\"auto, (max-width: 1000px) 100vw, 1000px\" \/>\t\t\t\t\t\t\n\t\t\t\t\t<\/div>\n\t\t\t\t\t\t\t\t\n<style>\n#image_976033971 {\n  width: 100%;\n}\n<\/style>\n\t<\/div>\n\t\n<div class=\"row row-full-width align-middle align-center\"  id=\"row-1092401961\">\n\n\t<div id=\"col-1000846222\" class=\"col medium-6 small-12 large-6\"  >\n\t\t\t\t<div class=\"col-inner\"  >\n\t\t\t\n\t\t\t\n\t<div class=\"img has-hover x md-x lg-x y md-y lg-y\" id=\"image_2028534579\">\n\t\t\t\t\t\t\t\t<div class=\"img-inner dark\" >\n\t\t\t<img loading=\"lazy\" decoding=\"async\" width=\"1000\" height=\"715\" src=\"https:\/\/brodandtaylor.eu\/wp-content\/uploads\/2025\/10\/Brotschieber-Pizzaschieber-Text-2-008444.webp\" class=\"attachment-large size-large\" alt=\"\" srcset=\"https:\/\/brodandtaylor.eu\/wp-content\/uploads\/2025\/10\/Brotschieber-Pizzaschieber-Text-2-008444.webp 1000w, https:\/\/brodandtaylor.eu\/wp-content\/uploads\/2025\/10\/Brotschieber-Pizzaschieber-Text-2-008444-559x400.webp 559w, https:\/\/brodandtaylor.eu\/wp-content\/uploads\/2025\/10\/Brotschieber-Pizzaschieber-Text-2-008444-768x549.webp 768w, https:\/\/brodandtaylor.eu\/wp-content\/uploads\/2025\/10\/Brotschieber-Pizzaschieber-Text-2-008444-400x286.webp 400w\" sizes=\"auto, (max-width: 1000px) 100vw, 1000px\" \/>\t\t\t\t\t\t\n\t\t\t\t\t<\/div>\n\t\t\t\t\t\t\t\t\n<style>\n#image_2028534579 {\n  width: 100%;\n}\n<\/style>\n\t<\/div>\n\t\n\t\t<\/div>\n\t\t\t\t\t<\/div>\n\n\t\n\n\t<div id=\"col-1817148579\" class=\"col medium-6 small-12 large-6\"  >\n\t\t\t\t<div class=\"col-inner\"  >\n\t\t\t\n\t\t\t\n\t<div id=\"text-373787463\" class=\"text\">\n\t\t\n<h3>Brot oder Pizza mit Stil aus dem Backofen holen<\/h3>\n<ul>\n<li>Die robuste Konstruktion aus eloxiertem Aluminium bietet eine lebensmittelechte, antihaftbeschichtete Oberfl\u00e4che.<\/li>\n<li>Leichtes Design 454 g f\u00fcr einfache Handhabung.<\/li>\n<\/ul>\n\t\t\n<style>\n#text-373787463 {\n  font-size: 1rem;\n}\n<\/style>\n\t<\/div>\n\t\n\t\t<\/div>\n\t\t\t\t\t<\/div>\n\n\t\n\n<style>\n#row-1092401961 > .col > .col-inner {\n  padding: 20px 0px 0px 0px;\n}\n<\/style>\n<\/div>\n\n\t<section class=\"section has-parallax\" id=\"section_1217075816\">\n\t\t<div class=\"section-bg fill\" data-parallax-container=\".section\" data-parallax-background data-parallax=\"-8\">\n\t\t\t<img loading=\"lazy\" decoding=\"async\" width=\"1280\" height=\"525\" src=\"https:\/\/brodandtaylor.eu\/wp-content\/uploads\/2025\/10\/Brotschieber-Pizzaschieber-Para-008444.webp\" class=\"bg attachment- size-\" alt=\"\" \/>\t\t\t\t\t\t\n\t\t\t\n\n\t\t<\/div>\n\n\t\t\n\n\t\t<div class=\"section-content relative\">\n\t\t\t\n\t\t<\/div>\n\n\t\t\n<style>\n#section_1217075816 {\n  padding-top: 30px;\n  padding-bottom: 30px;\n  min-height: 400px;\n}\n<\/style>\n\t<\/section>\n\t\n","protected":false},"excerpt":{"rendered":"<p>Brotschieber \/ Pizzaschieber von Brod &amp; Taylor Nehmen Sie Brot oder Pizza mit Stil aus dem Ofen. Dank des d\u00fcnnen Profils und der glatten Kante gleitet der Brotsch\u00e4ler mit Leichtigkeit unter jeden Teig oder jede Pizza. Die perfekte Gr\u00f6\u00dfe f\u00fcr die heimische K\u00fcche. Die robuste Konstruktion aus eloxiertem Aluminium bietet eine lebensmittelechte, antihaftbeschichtete Oberfl\u00e4che. Leichtes[&#8230;]\n","protected":false},"featured_media":22508,"comment_status":"open","ping_status":"closed","template":"","meta":{"_acf_changed":false,"_monsterinsights_skip_tracking":false,"_monsterinsights_sitenote_active":false,"_monsterinsights_sitenote_note":"","_monsterinsights_sitenote_category":0},"product_brand":[],"product_cat":[150],"product_tag":[],"class_list":{"0":"post-22496","1":"product","2":"type-product","3":"status-publish","4":"has-post-thumbnail","6":"product_cat-backhelfer","8":"first","9":"instock","10":"taxable","11":"shipping-taxable","12":"purchasable","13":"product-type-simple"},"bundled_by":[],"bundle_stock_status":"instock","bundle_stock_quantity":90,"bundle_virtual":false,"bundle_layout":"","bundle_add_to_cart_form_location":"","bundle_editable_in_cart":false,"bundle_sold_individually_context":"","bundle_item_grouping":"","bundle_min_size":"","bundle_max_size":"","bundle_price":[],"bundled_items":[],"bundle_sell_ids":[],"acf":[],"_links":{"self":[{"href":"https:\/\/brodandtaylor.eu\/de\/wp-json\/wp\/v2\/product\/22496","targetHints":{"allow":["GET"]}}],"collection":[{"href":"https:\/\/brodandtaylor.eu\/de\/wp-json\/wp\/v2\/product"}],"about":[{"href":"https:\/\/brodandtaylor.eu\/de\/wp-json\/wp\/v2\/types\/product"}],"replies":[{"embeddable":true,"href":"https:\/\/brodandtaylor.eu\/de\/wp-json\/wp\/v2\/comments?post=22496"}],"wp:featuredmedia":[{"embeddable":true,"href":"https:\/\/brodandtaylor.eu\/de\/wp-json\/wp\/v2\/media\/22508"}],"wp:attachment":[{"href":"https:\/\/brodandtaylor.eu\/de\/wp-json\/wp\/v2\/media?parent=22496"}],"wp:term":[{"taxonomy":"product_brand","embeddable":true,"href":"https:\/\/brodandtaylor.eu\/de\/wp-json\/wp\/v2\/product_brand?post=22496"},{"taxonomy":"product_cat","embeddable":true,"href":"https:\/\/brodandtaylor.eu\/de\/wp-json\/wp\/v2\/product_cat?post=22496"},{"taxonomy":"product_tag","embeddable":true,"href":"https:\/\/brodandtaylor.eu\/de\/wp-json\/wp\/v2\/product_tag?post=22496"}],"curies":[{"name":"wp","href":"https:\/\/api.w.org\/{rel}","templated":true}]}}