{"id":22495,"date":"2025-10-15T09:12:24","date_gmt":"2025-10-15T07:12:24","guid":{"rendered":"https:\/\/brodandtaylor.eu\/?post_type=product&#038;p=22495"},"modified":"2026-04-07T10:10:10","modified_gmt":"2026-04-07T08:10:10","slug":"brod-taylor-teigabstecher-edelstahl","status":"publish","type":"product","link":"https:\/\/brodandtaylor.eu\/de\/produkt\/brod-taylor-teigabstecher-edelstahl\/","title":{"rendered":"Teigabstecher aus Edelstahl"},"content":{"rendered":"<h2>Teigmesser oder auch Teigkarte von Brod &amp; Taylor<\/h2>\n<p>Der ultimative Begleiter auf der Arbeitsplatte.<br \/>\nDas Tischmesser hat einen weichen, rutschfesten Griff, der wie eine Verl\u00e4ngerung Ihrer Hand wirkt.<\/p>\n<p>Das ausgewogene Gewicht macht es vielseitig einsetzbar f\u00fcr viele Aufgaben wie Hacken, Schneiden, Schaben und Sch\u00f6pfen auf der gro\u00dfen Edelstahlfl\u00e4che.<\/p>\n<p>Die abgeschr\u00e4gte Unterkante erm\u00f6glicht glatte und pr\u00e4zise Schnitte, w\u00e4hrend die lasergravierten Abstufungen Messaufgaben vereinfachen.<\/p>\n<ul>\n<li>Ganze 15 cm Gesamtbreite<\/li>\n<li>100% sp\u00fclmaschinenfest f\u00fcr schnelle Reinigung<\/li>\n<li>Klinge aus rostfreiem Stahl<\/li>\n<li>griffiger TPR-Griff (thermoplastischer Gummi).<\/li>\n<\/ul>\n\t<div class=\"img has-hover x md-x lg-x y md-y lg-y\" id=\"image_969075379\">\n\t\t\t\t\t\t\t\t<div class=\"img-inner dark\" >\n\t\t\t<img loading=\"lazy\" decoding=\"async\" width=\"1020\" height=\"421\" src=\"https:\/\/brodandtaylor.eu\/wp-content\/uploads\/2025\/10\/Teigabstecher-Brod-Taylor-008443-header-1400x578.webp\" class=\"attachment-large size-large\" alt=\"\" srcset=\"https:\/\/brodandtaylor.eu\/wp-content\/uploads\/2025\/10\/Teigabstecher-Brod-Taylor-008443-header-1400x578.webp 1400w, https:\/\/brodandtaylor.eu\/wp-content\/uploads\/2025\/10\/Teigabstecher-Brod-Taylor-008443-header-800x330.webp 800w, https:\/\/brodandtaylor.eu\/wp-content\/uploads\/2025\/10\/Teigabstecher-Brod-Taylor-008443-header-768x317.webp 768w, https:\/\/brodandtaylor.eu\/wp-content\/uploads\/2025\/10\/Teigabstecher-Brod-Taylor-008443-header-1536x634.webp 1536w, https:\/\/brodandtaylor.eu\/wp-content\/uploads\/2025\/10\/Teigabstecher-Brod-Taylor-008443-header-400x165.webp 400w, https:\/\/brodandtaylor.eu\/wp-content\/uploads\/2025\/10\/Teigabstecher-Brod-Taylor-008443-header.webp 2000w\" sizes=\"auto, (max-width: 1020px) 100vw, 1020px\" \/>\t\t\t\t\t\t\n\t\t\t\t\t<\/div>\n\t\t\t\t\t\t\t\t\n<style>\n#image_969075379 {\n  width: 100%;\n}\n<\/style>\n\t<\/div>\n\t\n<div class=\"row row-full-width align-middle align-center\"  id=\"row-373578677\">\n\n\t<div id=\"col-769751364\" class=\"col medium-6 small-12 large-6\"  >\n\t\t\t\t<div class=\"col-inner\"  >\n\t\t\t\n\t\t\t\n\t<div id=\"text-3386885229\" class=\"text\">\n\t\t\n<h3>Das All-in-One-K\u00fcchenwerkzeug<\/h3>\n<p>Hervorragend geeignet zum Schneiden, Zerteilen und Zerkleinern, und gro\u00df genug, um Zutaten leicht zu handhaben und zu transportieren.<br \/>\n\t\t\n<style>\n#text-3386885229 {\n  font-size: 1rem;\n}\n<\/style>\n\t<\/div>\n\t\n\t\t<\/div>\n\t\t\t\t\t<\/div>\n\n\t\n\n\t<div id=\"col-1369140101\" class=\"col medium-6 small-12 large-6\"  >\n\t\t\t\t<div class=\"col-inner\"  >\n\t\t\t\n\t\t\t\n\t<div class=\"img has-hover x md-x lg-x y md-y lg-y\" id=\"image_836353715\">\n\t\t\t\t\t\t\t\t<div class=\"img-inner dark\" >\n\t\t\t<img loading=\"lazy\" decoding=\"async\" width=\"1000\" height=\"714\" src=\"https:\/\/brodandtaylor.eu\/wp-content\/uploads\/2025\/10\/Teigabstecher-Brod-Taylor-008443-Text-2.webp\" class=\"attachment-large size-large\" alt=\"\" srcset=\"https:\/\/brodandtaylor.eu\/wp-content\/uploads\/2025\/10\/Teigabstecher-Brod-Taylor-008443-Text-2.webp 1000w, https:\/\/brodandtaylor.eu\/wp-content\/uploads\/2025\/10\/Teigabstecher-Brod-Taylor-008443-Text-2-560x400.webp 560w, https:\/\/brodandtaylor.eu\/wp-content\/uploads\/2025\/10\/Teigabstecher-Brod-Taylor-008443-Text-2-768x548.webp 768w, https:\/\/brodandtaylor.eu\/wp-content\/uploads\/2025\/10\/Teigabstecher-Brod-Taylor-008443-Text-2-400x286.webp 400w\" sizes=\"auto, (max-width: 1000px) 100vw, 1000px\" \/>\t\t\t\t\t\t\n\t\t\t\t\t<\/div>\n\t\t\t\t\t\t\t\t\n<style>\n#image_836353715 {\n  width: 100%;\n}\n<\/style>\n\t<\/div>\n\t\n\t\t<\/div>\n\t\t\t\t\t<\/div>\n\n\t\n\n<style>\n#row-373578677 > .col > .col-inner {\n  padding: 20px 0px 0px 0px;\n}\n<\/style>\n<\/div>\n<div class=\"row row-full-width align-middle align-center\"  id=\"row-1561436272\">\n\n\t<div id=\"col-1109160269\" class=\"col medium-6 small-12 large-6\"  >\n\t\t\t\t<div class=\"col-inner\"  >\n\t\t\t\n\t\t\t\n\t<div class=\"img has-hover x md-x lg-x y md-y lg-y\" id=\"image_1416813106\">\n\t\t\t\t\t\t\t\t<div class=\"img-inner dark\" >\n\t\t\t<img loading=\"lazy\" decoding=\"async\" width=\"1000\" height=\"715\" src=\"https:\/\/brodandtaylor.eu\/wp-content\/uploads\/2025\/10\/Teigabstecher-Brod-Taylor-008443-Text-1.webp\" class=\"attachment-large size-large\" alt=\"\" srcset=\"https:\/\/brodandtaylor.eu\/wp-content\/uploads\/2025\/10\/Teigabstecher-Brod-Taylor-008443-Text-1.webp 1000w, https:\/\/brodandtaylor.eu\/wp-content\/uploads\/2025\/10\/Teigabstecher-Brod-Taylor-008443-Text-1-559x400.webp 559w, https:\/\/brodandtaylor.eu\/wp-content\/uploads\/2025\/10\/Teigabstecher-Brod-Taylor-008443-Text-1-768x549.webp 768w, https:\/\/brodandtaylor.eu\/wp-content\/uploads\/2025\/10\/Teigabstecher-Brod-Taylor-008443-Text-1-400x286.webp 400w\" sizes=\"auto, (max-width: 1000px) 100vw, 1000px\" \/>\t\t\t\t\t\t\n\t\t\t\t\t<\/div>\n\t\t\t\t\t\t\t\t\n<style>\n#image_1416813106 {\n  width: 100%;\n}\n<\/style>\n\t<\/div>\n\t\n\t\t<\/div>\n\t\t\t\t\t<\/div>\n\n\t\n\n\t<div id=\"col-1267022171\" class=\"col medium-6 small-12 large-6\"  >\n\t\t\t\t<div class=\"col-inner\"  >\n\t\t\t\n\t\t\t\n\t<div id=\"text-3555993265\" class=\"text\">\n\t\t\n<h3>Weicher, rutschfester Griff<\/h3>\n<p>Einfache, ergonomische Form f\u00fcr einfache Handhabung und Reinigung. Sp\u00fclmaschinenfest.<br \/>\n\t\t\n<style>\n#text-3555993265 {\n  font-size: 1rem;\n}\n<\/style>\n\t<\/div>\n\t\n\t\t<\/div>\n\t\t\t\t\t<\/div>\n\n\t\n\n<style>\n#row-1561436272 > .col > .col-inner {\n  padding: 20px 0px 0px 0px;\n}\n<\/style>\n<\/div>\n<div class=\"row row-full-width align-middle align-center\"  id=\"row-128083791\">\n\n\t<div id=\"col-1726842268\" class=\"col medium-6 small-12 large-6\"  >\n\t\t\t\t<div class=\"col-inner\"  >\n\t\t\t\n\t\t\t\n\t<div id=\"text-2008768039\" class=\"text\">\n\t\t\n<h3>F\u00fcr Langlebigkeit gebaut<\/h3>\n<p>Die Klinge aus rostfreiem Stahl ist in den Griff eingearbeitet und sorgt so f\u00fcr Robustheit und Langlebigkeit, die ein Leben lang halten.<br \/>\n\t\t\n<style>\n#text-2008768039 {\n  font-size: 1rem;\n}\n<\/style>\n\t<\/div>\n\t\n\t\t<\/div>\n\t\t\t\t\t<\/div>\n\n\t\n\n\t<div id=\"col-1442265996\" class=\"col medium-6 small-12 large-6\"  >\n\t\t\t\t<div class=\"col-inner\"  >\n\t\t\t\n\t\t\t\n\t<div class=\"img has-hover x md-x lg-x y md-y lg-y\" id=\"image_1672896941\">\n\t\t\t\t\t\t\t\t<div class=\"img-inner dark\" >\n\t\t\t<img loading=\"lazy\" decoding=\"async\" width=\"1000\" height=\"715\" src=\"https:\/\/brodandtaylor.eu\/wp-content\/uploads\/2025\/10\/Teigabstecher-Brod-Taylor-008443-Text-3.webp\" class=\"attachment-large size-large\" alt=\"\" srcset=\"https:\/\/brodandtaylor.eu\/wp-content\/uploads\/2025\/10\/Teigabstecher-Brod-Taylor-008443-Text-3.webp 1000w, https:\/\/brodandtaylor.eu\/wp-content\/uploads\/2025\/10\/Teigabstecher-Brod-Taylor-008443-Text-3-559x400.webp 559w, https:\/\/brodandtaylor.eu\/wp-content\/uploads\/2025\/10\/Teigabstecher-Brod-Taylor-008443-Text-3-768x549.webp 768w, https:\/\/brodandtaylor.eu\/wp-content\/uploads\/2025\/10\/Teigabstecher-Brod-Taylor-008443-Text-3-400x286.webp 400w\" sizes=\"auto, (max-width: 1000px) 100vw, 1000px\" \/>\t\t\t\t\t\t\n\t\t\t\t\t<\/div>\n\t\t\t\t\t\t\t\t\n<style>\n#image_1672896941 {\n  width: 100%;\n}\n<\/style>\n\t<\/div>\n\t\n\t\t<\/div>\n\t\t\t\t\t<\/div>\n\n\t\n\n<style>\n#row-128083791 > .col > .col-inner {\n  padding: 20px 0px 0px 0px;\n}\n<\/style>\n<\/div>\n\n\t<section class=\"section has-parallax\" id=\"section_1357681903\">\n\t\t<div class=\"section-bg fill\" data-parallax-container=\".section\" data-parallax-background data-parallax=\"-8\">\n\t\t\t<img loading=\"lazy\" decoding=\"async\" width=\"1280\" height=\"720\" src=\"https:\/\/brodandtaylor.eu\/wp-content\/uploads\/2025\/10\/Teigabstecher-Brod-Taylor-008443-Para.webp\" class=\"bg attachment- size-\" alt=\"\" \/>\t\t\t\t\t\t\n\t\t\t\n\n\t\t<\/div>\n\n\t\t\n\n\t\t<div class=\"section-content relative\">\n\t\t\t\n\t\t<\/div>\n\n\t\t\n<style>\n#section_1357681903 {\n  padding-top: 30px;\n  padding-bottom: 30px;\n  min-height: 400px;\n}\n<\/style>\n\t<\/section>\n\t\n","protected":false},"excerpt":{"rendered":"<p>Teigmesser oder auch Teigkarte von Brod &amp; Taylor Der ultimative Begleiter auf der Arbeitsplatte. Das Tischmesser hat einen weichen, rutschfesten Griff, der wie eine Verl\u00e4ngerung Ihrer Hand wirkt. Das ausgewogene Gewicht macht es vielseitig einsetzbar f\u00fcr viele Aufgaben wie Hacken, Schneiden, Schaben und Sch\u00f6pfen auf der gro\u00dfen Edelstahlfl\u00e4che. Die abgeschr\u00e4gte Unterkante erm\u00f6glicht glatte und pr\u00e4zise[&#8230;]\n","protected":false},"featured_media":22498,"comment_status":"open","ping_status":"closed","template":"","meta":{"_acf_changed":false,"_monsterinsights_skip_tracking":false,"_monsterinsights_sitenote_active":false,"_monsterinsights_sitenote_note":"","_monsterinsights_sitenote_category":0},"product_brand":[],"product_cat":[150],"product_tag":[],"class_list":{"0":"post-22495","1":"product","2":"type-product","3":"status-publish","4":"has-post-thumbnail","6":"product_cat-backhelfer","8":"first","9":"instock","10":"taxable","11":"shipping-taxable","12":"purchasable","13":"product-type-simple"},"bundled_by":[],"bundle_stock_status":"instock","bundle_stock_quantity":94,"bundle_virtual":false,"bundle_layout":"","bundle_add_to_cart_form_location":"","bundle_editable_in_cart":false,"bundle_sold_individually_context":"","bundle_item_grouping":"","bundle_min_size":"","bundle_max_size":"","bundle_price":[],"bundled_items":[],"bundle_sell_ids":[],"acf":[],"_links":{"self":[{"href":"https:\/\/brodandtaylor.eu\/de\/wp-json\/wp\/v2\/product\/22495","targetHints":{"allow":["GET"]}}],"collection":[{"href":"https:\/\/brodandtaylor.eu\/de\/wp-json\/wp\/v2\/product"}],"about":[{"href":"https:\/\/brodandtaylor.eu\/de\/wp-json\/wp\/v2\/types\/product"}],"replies":[{"embeddable":true,"href":"https:\/\/brodandtaylor.eu\/de\/wp-json\/wp\/v2\/comments?post=22495"}],"wp:featuredmedia":[{"embeddable":true,"href":"https:\/\/brodandtaylor.eu\/de\/wp-json\/wp\/v2\/media\/22498"}],"wp:attachment":[{"href":"https:\/\/brodandtaylor.eu\/de\/wp-json\/wp\/v2\/media?parent=22495"}],"wp:term":[{"taxonomy":"product_brand","embeddable":true,"href":"https:\/\/brodandtaylor.eu\/de\/wp-json\/wp\/v2\/product_brand?post=22495"},{"taxonomy":"product_cat","embeddable":true,"href":"https:\/\/brodandtaylor.eu\/de\/wp-json\/wp\/v2\/product_cat?post=22495"},{"taxonomy":"product_tag","embeddable":true,"href":"https:\/\/brodandtaylor.eu\/de\/wp-json\/wp\/v2\/product_tag?post=22495"}],"curies":[{"name":"wp","href":"https:\/\/api.w.org\/{rel}","templated":true}]}}