{"id":21576,"date":"2025-04-29T11:13:13","date_gmt":"2025-04-29T09:13:13","guid":{"rendered":"https:\/\/brodandtaylor.eu\/?post_type=product&#038;p=21576"},"modified":"2026-04-17T12:53:42","modified_gmt":"2026-04-17T10:53:42","slug":"backhaube-eckig","status":"publish","type":"product","link":"https:\/\/brodandtaylor.eu\/de\/produkt\/backhaube-eckig\/","title":{"rendered":"Backhaube eckig"},"content":{"rendered":"<h2>Brod &amp; Taylor Backhaube eckig<\/h2>\n<p>Die Backhaube schafft die perfekte Umgebung zum Backen von gutem Brot. Sie ist leicht und einfach zu handhaben und muss nicht vorgeheizt werden.<\/p>\n<p>Die Hitze geht schnell durch die Schale und der Dampf wird unter ihr eingeschlossen. Um die perfekte Kombination aus klassischem Aufgehen des Teigs und knuspriger Kruste zu erreichen, nehmen Sie die Haube nach der H\u00e4lfte der Backzeit ab.<\/p>\n<p>Mit der Backhaube erzielen Sie die gleichen Ergebnisse wie mit herk\u00f6mmlichen vorgeheizten und schweren Gusseisengef\u00e4\u00dfen, ohne den Stress, einen gl\u00fchend hei\u00dfen und schweren Topf mit sich herumzuschleppen. Der hektischste Teil des Brotbackens ist jetzt der einfachste. Schieben Sie einfach den Brotteig auf eine beliebige flache Backfl\u00e4che in Ihrem Ofen und legen Sie die Schale dar\u00fcber.<\/p>\n<p>Die Backhaube kann auch als praktische Abdeckung verwendet werden, um Brot frisch zu halten, wenn es auf einer Arbeitsplatte, einem Metzgerblock oder einem Schneidebrett gelagert wird.<\/p>\n<ul>\n<li>Hergestellt aus Aluminium<\/li>\n<li>Reine eloxierte Aluminiumbeschichtung &#8211; keine Antihaft-Chemikalien, keine Zusatzstoffe und FDA-gepr\u00fcft.<\/li>\n<li>Abmessungen: 32 x 20 x 14 cm<\/li>\n<li>Gewicht: 1lb 1oz \/ 480g<\/li>\n<li><strong style=\"color: #555555;\">Garantie: <\/strong><span style=\"color: #555555;\">3 Jahre<\/span><\/li>\n<\/ul>\n<p><strong>Zum Patent angemeldet<\/strong><\/p>\n\n\t<section class=\"section\" id=\"section_1115358349\">\n\t\t<div class=\"section-bg fill\" >\n\t\t\t\t\t\t\t\t\t\n\t\t\t\n\n\t\t<\/div>\n\n\t\t\n\n\t\t<div class=\"section-content relative\">\n\t\t\t\n<h3 class=\"accordion_title\">FAQ<\/h3><div class=\"accordion\">\n\t<div id=\"accordion-377118564\" class=\"accordion-item\">\n\t\t<a id=\"accordion-377118564-label\" class=\"accordion-title plain\" href=\"#accordion-item-welche-backform-sollte-ich-w\u00e4hlen?\" aria-expanded=\"false\" aria-controls=\"accordion-377118564-content\">\n\t\t\t<button class=\"toggle\" aria-label=\"Umschalten\"><i class=\"icon-angle-down\" aria-hidden=\"true\"><\/i><\/button>\n\t\t\t<span>Welche Backform sollte ich w\u00e4hlen?<\/span>\n\t\t<\/a>\n\t\t<div id=\"accordion-377118564-content\" class=\"accordion-inner\" aria-labelledby=\"accordion-377118564-label\">\n\t\t\t\n<p><strong>Backaube eckig:<\/strong> Diese Schale ist ideal f\u00fcr B\u00e4cker, die ein kompakteres Backgef\u00e4\u00df bevorzugen, das bei der Aufbewahrung weniger Platz einnimmt. Sie fasst bis zu 800 g Teig in Form eines Stangenbrot.<\/p>\n<p><strong>Backaube rund:<\/strong> Diese Schale bietet Flexibilit\u00e4t, da sie sowohl Runde als auch Stangenbrot aufnehmen kann. Sie eignet sich perfekt f\u00fcr alle, die gr\u00f6\u00dfere Brote backen m\u00f6chten oder eine gr\u00f6\u00dfere Vielseitigkeit beim Backen bevorzugen.<\/p>\n\t\t<\/div>\n\t<\/div>\n\t\n\t<div id=\"accordion-255991090\" class=\"accordion-item\">\n\t\t<a id=\"accordion-255991090-label\" class=\"accordion-title plain\" href=\"#accordion-item-was-ist-das-maximale-teiggewicht-f\u00fcr-die-backform?\" aria-expanded=\"false\" aria-controls=\"accordion-255991090-content\">\n\t\t\t<button class=\"toggle\" aria-label=\"Umschalten\"><i class=\"icon-angle-down\" aria-hidden=\"true\"><\/i><\/button>\n\t\t\t<span>Was ist das maximale Teiggewicht f\u00fcr die Backform?<\/span>\n\t\t<\/a>\n\t\t<div id=\"accordion-255991090-content\" class=\"accordion-inner\" aria-labelledby=\"accordion-255991090-label\">\n\t\t\t\n<p>Eckig: Bis zu ~800g Teig.<\/p>\n<p>Rund: Bis zu ~1.200 g Teig, entweder rund oder als Stangenbrot geformt.<\/p>\n<p>Das genaue Fassungsverm\u00f6gen h\u00e4ngt von der Art des Teigs, seiner Form und seiner Ausdehnung beim Backen ab.<\/p>\n\t\t<\/div>\n\t<\/div>\n\t\n\t<div id=\"accordion-1555333922\" class=\"accordion-item\">\n\t\t<a id=\"accordion-1555333922-label\" class=\"accordion-title plain\" href=\"#accordion-item-muss-ich-die-backform-vorheizen?\" aria-expanded=\"false\" aria-controls=\"accordion-1555333922-content\">\n\t\t\t<button class=\"toggle\" aria-label=\"Umschalten\"><i class=\"icon-angle-down\" aria-hidden=\"true\"><\/i><\/button>\n\t\t\t<span>Muss ich die Backform vorheizen?<\/span>\n\t\t<\/a>\n\t\t<div id=\"accordion-1555333922-content\" class=\"accordion-inner\" aria-labelledby=\"accordion-1555333922-label\">\n\t\t\t\n<p>Nein, es ist nicht n\u00f6tig, die Backform vorzuheizen. Anders als Gusseisen, das schwer ist und lange zum Vorheizen braucht, erreicht die leichte Schale die eingestellte Ofentemperatur in etwa einer Minute.<\/p>\n\t\t<\/div>\n\t<\/div>\n\t\n\t<div id=\"accordion-3369328139\" class=\"accordion-item\">\n\t\t<a id=\"accordion-3369328139-label\" class=\"accordion-title plain\" href=\"#accordion-item-kann-ich-die-schale-auch-f\u00fcr-einen-kastenbrotlaib-verwenden?\" aria-expanded=\"false\" aria-controls=\"accordion-3369328139-content\">\n\t\t\t<button class=\"toggle\" aria-label=\"Umschalten\"><i class=\"icon-angle-down\" aria-hidden=\"true\"><\/i><\/button>\n\t\t\t<span>Kann ich die Schale auch f\u00fcr einen Kastenbrotlaib verwenden?<\/span>\n\t\t<\/a>\n\t\t<div id=\"accordion-3369328139-content\" class=\"accordion-inner\" aria-labelledby=\"accordion-3369328139-label\">\n\t\t\t\n<p>Die Backform ist f\u00fcr frei geformte Brote gedacht, aber je nach Gr\u00f6\u00dfe und Steigf\u00e4higkeit des Teigs passt sie auch in einige Kastenformen. Vergewissern Sie sich, dass Sie die Ma\u00dfe der Schale und Ihrer Kastenform \u00fcberpr\u00fcfen, bevor Sie sie zusammen verwenden.<\/p>\n\t\t<\/div>\n\t<\/div>\n\t\n\t<div id=\"accordion-3759067636\" class=\"accordion-item\">\n\t\t<a id=\"accordion-3759067636-label\" class=\"accordion-title plain\" href=\"#accordion-item-muss-die-backform-vor-dem-gebrauch-gereinigt-oder-behandelt-werden?\" aria-expanded=\"false\" aria-controls=\"accordion-3759067636-content\">\n\t\t\t<button class=\"toggle\" aria-label=\"Umschalten\"><i class=\"icon-angle-down\" aria-hidden=\"true\"><\/i><\/button>\n\t\t\t<span>Muss die Backform vor dem Gebrauch gereinigt oder behandelt werden?<\/span>\n\t\t<\/a>\n\t\t<div id=\"accordion-3759067636-content\" class=\"accordion-inner\" aria-labelledby=\"accordion-3759067636-label\">\n\t\t\t\n<p>Nein, die Backform muss vor dem ersten Gebrauch nicht gereinigt oder behandelt werden. Sie ist direkt aus der Verpackung heraus einsatzbereit.<\/p>\n\t\t<\/div>\n\t<\/div>\n\t\n\t<div id=\"accordion-1765591201\" class=\"accordion-item\">\n\t\t<a id=\"accordion-1765591201-label\" class=\"accordion-title plain\" href=\"#accordion-item-wie-reinige-ich-die-backform?\" aria-expanded=\"false\" aria-controls=\"accordion-1765591201-content\">\n\t\t\t<button class=\"toggle\" aria-label=\"Umschalten\"><i class=\"icon-angle-down\" aria-hidden=\"true\"><\/i><\/button>\n\t\t\t<span>Wie reinige ich die Backform?<\/span>\n\t\t<\/a>\n\t\t<div id=\"accordion-1765591201-content\" class=\"accordion-inner\" aria-labelledby=\"accordion-1765591201-label\">\n\t\t\t\n<p>Die Backform muss nicht von Mal zu Mal gereinigt werden. Wenn Sie sie doch reinigen m\u00fcssen, verwenden Sie milde Seife und einen weichen Schwamm. Vermeiden Sie Scheuermittel oder Schrubber. Die Sp\u00fclmaschine wird nicht empfohlen.<\/p>\n\t\t<\/div>\n\t<\/div>\n\t\n\t<div id=\"accordion-2923709296\" class=\"accordion-item\">\n\t\t<a id=\"accordion-2923709296-label\" class=\"accordion-title plain\" href=\"#accordion-item-wie-verwende-ich-die-backform?\" aria-expanded=\"false\" aria-controls=\"accordion-2923709296-content\">\n\t\t\t<button class=\"toggle\" aria-label=\"Umschalten\"><i class=\"icon-angle-down\" aria-hidden=\"true\"><\/i><\/button>\n\t\t\t<span>Wie verwende ich die Backform?<\/span>\n\t\t<\/a>\n\t\t<div id=\"accordion-2923709296-content\" class=\"accordion-inner\" aria-labelledby=\"accordion-2923709296-label\">\n\t\t\t\n<ol>\n<li>Heizen Sie Ihren Backofen mit einem Backstahl oder Backstein im unteren Drittel vor.<\/li>\n<li>Sobald der Ofen vorgeheizt ist, den Teig auf das Blech geben. Dazu k\u00f6nnen Sie eine bemehlte Schale verwenden oder den Teig auf ein St\u00fcck Pergamentpapier legen und auf das Blech schieben.<\/li>\n<li>Bedecken Sie den Teig mit der Backform (die Backform muss nicht vorgeheizt werden).<\/li>\n<li>Bei 230-245\u00b0C 20 Minuten lang backen. Nach 20 Minuten die Backform entfernen (sie wird hei\u00df sein, daher Ofenhandschuhe oder ein Handtuch verwenden).<\/li>\n<li>Weitere 15-20 Minuten zugedeckt backen oder bis der Laib vollst\u00e4ndig durchgebacken ist.<\/li>\n<\/ol>\n\t\t<\/div>\n\t<\/div>\n\t\n\t<div id=\"accordion-3761909169\" class=\"accordion-item\">\n\t\t<a id=\"accordion-3761909169-label\" class=\"accordion-title plain\" href=\"#accordion-item-warum-ist-die-backhaube-besser-als-ein-dutch-oven?\" aria-expanded=\"false\" aria-controls=\"accordion-3761909169-content\">\n\t\t\t<button class=\"toggle\" aria-label=\"Umschalten\"><i class=\"icon-angle-down\" aria-hidden=\"true\"><\/i><\/button>\n\t\t\t<span>Warum ist die Backhaube besser als ein Dutch Oven?<\/span>\n\t\t<\/a>\n\t\t<div id=\"accordion-3761909169-content\" class=\"accordion-inner\" aria-labelledby=\"accordion-3761909169-label\">\n\t\t\t\n<p>Die Backhaube bietet alles, was Sie zum Backen von gutem Brot brauchen: W\u00e4rme und Dampf. Sie heizt unglaublich schnell auf, sodass keine langen Vorheizzeiten erforderlich sind, und schlie\u00dft den Dampf effizient ein, um eine knusprige, goldene Kruste zu erzeugen. Durch ihr geringes Gewicht ist sie viel einfacher zu handhaben als ein schwerer Dutch Oven, wodurch die Gefahr von Verbrennungen beim Einlegen oder Herausnehmen des Teigs aus dem Ofen verringert wird. Die Baking Shell k\u00fchlt au\u00dferdem schnell ab, so dass sie nach dem Backen sicher gehandhabt und gelagert werden kann. Die Baking Shell bietet alle Vorteile eines Dutch Oven mit mehr Komfort und Effizienz.<\/p>\n\t\t<\/div>\n\t<\/div>\n\t\n\t<div id=\"accordion-3400329534\" class=\"accordion-item\">\n\t\t<a id=\"accordion-3400329534-label\" class=\"accordion-title plain\" href=\"#accordion-item-kann-ich-zwei-brote-auf-einmal-backen?\" aria-expanded=\"false\" aria-controls=\"accordion-3400329534-content\">\n\t\t\t<button class=\"toggle\" aria-label=\"Umschalten\"><i class=\"icon-angle-down\" aria-hidden=\"true\"><\/i><\/button>\n\t\t\t<span>Kann ich zwei Brote auf einmal backen?<\/span>\n\t\t<\/a>\n\t\t<div id=\"accordion-3400329534-content\" class=\"accordion-inner\" aria-labelledby=\"accordion-3400329534-label\">\n\t\t\t\n<p>Rund: Die meisten Back\u00f6fen k\u00f6nnen nicht zwei Laibchen auf einmal zubereiten. Eckig: In die meisten Haushaltsback\u00f6fen passen zwei Eckige-Backhauben nebeneinander. Auf unseren Backstahl passt jedoch nur jeweils eine Backform. Wenn Ihr Backstein oder Stahl mindestens 43 cm breit ist, passen zwei Schalen hinein.<\/p>\n\t\t<\/div>\n\t<\/div>\n\t\n\t<div id=\"accordion-2020389971\" class=\"accordion-item\">\n\t\t<a id=\"accordion-2020389971-label\" class=\"accordion-title plain\" href=\"#accordion-item-wie-hoch-ist-die-maximale-temperatur-f\u00fcr-die-backhaube?\" aria-expanded=\"false\" aria-controls=\"accordion-2020389971-content\">\n\t\t\t<button class=\"toggle\" aria-label=\"Umschalten\"><i class=\"icon-angle-down\" aria-hidden=\"true\"><\/i><\/button>\n\t\t\t<span>Wie hoch ist die maximale Temperatur f\u00fcr die Backhaube?<\/span>\n\t\t<\/a>\n\t\t<div id=\"accordion-2020389971-content\" class=\"accordion-inner\" aria-labelledby=\"accordion-2020389971-label\">\n\t\t\t\n<p>Die Backhaube kann bei Temperaturen von bis zu 288\u00b0C verwendet werden.<\/p>\n\t\t<\/div>\n\t<\/div>\n\t\n\t<div id=\"accordion-2339619363\" class=\"accordion-item\">\n\t\t<a id=\"accordion-2339619363-label\" class=\"accordion-title plain\" href=\"#accordion-item-muss-ich-wasser-oder-eisw\u00fcrfel-f\u00fcr-den-dampf-hinzuf\u00fcgen?\" aria-expanded=\"false\" aria-controls=\"accordion-2339619363-content\">\n\t\t\t<button class=\"toggle\" aria-label=\"Umschalten\"><i class=\"icon-angle-down\" aria-hidden=\"true\"><\/i><\/button>\n\t\t\t<span>Muss ich Wasser oder Eisw\u00fcrfel f\u00fcr den Dampf hinzuf\u00fcgen?<\/span>\n\t\t<\/a>\n\t\t<div id=\"accordion-2339619363-content\" class=\"accordion-inner\" aria-labelledby=\"accordion-2339619363-label\">\n\t\t\t\n<p>Nein, Sie brauchen kein Wasser oder Eis hinzuzuf\u00fcgen. Die Backhaube schlie\u00dft die vom Teig abgegebene Feuchtigkeit ein und erzeugt w\u00e4hrend des ersten Teils des Backvorgangs Dampf. So entsteht eine d\u00fcnne, knusprige Kruste und der Teig kann sich richtig ausdehnen (\u201eOfensprung\u201c).<\/p>\n\t\t<\/div>\n\t<\/div>\n\t\n<\/div>\n\t\t<\/div>\n\n\t\t\n<style>\n#section_1115358349 {\n  padding-top: 30px;\n  padding-bottom: 30px;\n  background-color: rgb(249, 249, 249);\n}\n<\/style>\n\t<\/section>\n\t\n\t<div class=\"img has-hover x md-x lg-x y md-y lg-y\" id=\"image_1444629393\">\n\t\t\t\t\t\t\t\t<div class=\"img-inner dark\" >\n\t\t\t<img loading=\"lazy\" decoding=\"async\" width=\"1020\" height=\"421\" src=\"https:\/\/brodandtaylor.eu\/wp-content\/uploads\/2025\/04\/BrodTaylor-Backhaube-eckig-008514-header.webp\" class=\"attachment-large size-large\" alt=\"\" srcset=\"https:\/\/brodandtaylor.eu\/wp-content\/uploads\/2025\/04\/BrodTaylor-Backhaube-eckig-008514-header.webp 1280w, https:\/\/brodandtaylor.eu\/wp-content\/uploads\/2025\/04\/BrodTaylor-Backhaube-eckig-008514-header-800x330.webp 800w, https:\/\/brodandtaylor.eu\/wp-content\/uploads\/2025\/04\/BrodTaylor-Backhaube-eckig-008514-header-768x317.webp 768w, https:\/\/brodandtaylor.eu\/wp-content\/uploads\/2025\/04\/BrodTaylor-Backhaube-eckig-008514-header-400x165.webp 400w\" sizes=\"auto, (max-width: 1020px) 100vw, 1020px\" \/>\t\t\t\t\t\t\n\t\t\t\t\t<\/div>\n\t\t\t\t\t\t\t\t\n<style>\n#image_1444629393 {\n  width: 100%;\n}\n<\/style>\n\t<\/div>\n\t\n\n\t<section class=\"section\" id=\"section_749474139\">\n\t\t<div class=\"section-bg fill\" >\n\t\t\t\t\t\t\t\t\t\n\t\t\t\n\n\t\t<\/div>\n\n\t\t\n\n\t\t<div class=\"section-content relative\">\n\t\t\t\n<div class=\"row align-middle\"  id=\"row-302071862\">\n\n\t<div id=\"col-344002087\" class=\"col medium-6 small-12 large-6\"  >\n\t\t\t\t<div class=\"col-inner\"  >\n\t\t\t\n\t\t\t\n\t<div class=\"img has-hover x md-x lg-x y md-y lg-y\" id=\"image_1571990545\">\n\t\t\t\t\t\t\t\t<div class=\"img-inner image-cover dark\" style=\"padding-top:75%;\">\n\t\t\t<img loading=\"lazy\" decoding=\"async\" width=\"1000\" height=\"714\" src=\"https:\/\/brodandtaylor.eu\/wp-content\/uploads\/2025\/04\/BrodTaylor-Backhaube-eckig-008514-backen.webp\" class=\"attachment-large size-large\" alt=\"\" srcset=\"https:\/\/brodandtaylor.eu\/wp-content\/uploads\/2025\/04\/BrodTaylor-Backhaube-eckig-008514-backen.webp 1000w, https:\/\/brodandtaylor.eu\/wp-content\/uploads\/2025\/04\/BrodTaylor-Backhaube-eckig-008514-backen-560x400.webp 560w, https:\/\/brodandtaylor.eu\/wp-content\/uploads\/2025\/04\/BrodTaylor-Backhaube-eckig-008514-backen-768x548.webp 768w, https:\/\/brodandtaylor.eu\/wp-content\/uploads\/2025\/04\/BrodTaylor-Backhaube-eckig-008514-backen-400x286.webp 400w\" sizes=\"auto, (max-width: 1000px) 100vw, 1000px\" \/>\t\t\t\t\t\t\n\t\t\t\t\t<\/div>\n\t\t\t\t\t\t\t\t\n<style>\n#image_1571990545 {\n  width: 100%;\n}\n<\/style>\n\t<\/div>\n\t\n\t\t<\/div>\n\t\t\t\t\t<\/div>\n\n\t\n\n\t<div id=\"col-1010944674\" class=\"col medium-6 small-12 large-6\"  >\n\t\t\t\t<div class=\"col-inner\"  >\n\t\t\t\n\t\t\t\n<h3>Die Tradition auf den Kopf gestellt<\/h3>\n<p>Mit der Backhaube erzielen Sie die gleichen Ergebnisse wie mit den traditionellen, vorgeheizten und schweren Gusseisengef\u00e4\u00dfen, ohne den Stress, einen gl\u00fchend hei\u00dfen und schweren Topf mit sich herumzuschleppen. Der hektischste Teil des Brotbackens ist jetzt der einfachste. Schieben Sie den Brotteig einfach auf eine beliebige flache Backfl\u00e4che in Ihrem Ofen und legen Sie die Schale dar\u00fcber.<\/p>\n\t\t<\/div>\n\t\t\t\t\t<\/div>\n\n\t\n<\/div>\n<div class=\"row align-middle\"  id=\"row-1719247205\">\n\n\t<div id=\"col-43533028\" class=\"col medium-6 small-12 large-6\"  >\n\t\t\t\t<div class=\"col-inner\"  >\n\t\t\t\n\t\t\t\n<h3>Ideale Bedingungen zum Backen<\/h3>\n<p>Die Backhaube schafft die perfekten Bedingungen f\u00fcr das Backen von gutem Brot. Sie ist leicht und einfach zu handhaben und muss nicht vorgeheizt werden. Die W\u00e4rme geht schnell durch die Schale, w\u00e4hrend sie gleichzeitig den Dampf einschlie\u00dft &#8211; die perfekte Kombination f\u00fcr das klassische Aufgehen von Sauerteig und eine knusprige Kruste.<\/p>\n\t\t<\/div>\n\t\t\t\t\t<\/div>\n\n\t\n\n\t<div id=\"col-1168049217\" class=\"col medium-6 small-12 large-6\"  >\n\t\t\t\t<div class=\"col-inner\"  >\n\t\t\t\n\t\t\t\n\t<div class=\"img has-hover x md-x lg-x y md-y lg-y\" id=\"image_1533699778\">\n\t\t\t\t\t\t\t\t<div class=\"img-inner image-cover dark\" style=\"padding-top:75%;\">\n\t\t\t<img loading=\"lazy\" decoding=\"async\" width=\"1000\" height=\"714\" src=\"https:\/\/brodandtaylor.eu\/wp-content\/uploads\/2025\/04\/BrodTaylor-Backhaube-eckig-008514-heating.webp\" class=\"attachment-large size-large\" alt=\"\" srcset=\"https:\/\/brodandtaylor.eu\/wp-content\/uploads\/2025\/04\/BrodTaylor-Backhaube-eckig-008514-heating.webp 1000w, https:\/\/brodandtaylor.eu\/wp-content\/uploads\/2025\/04\/BrodTaylor-Backhaube-eckig-008514-heating-560x400.webp 560w, https:\/\/brodandtaylor.eu\/wp-content\/uploads\/2025\/04\/BrodTaylor-Backhaube-eckig-008514-heating-768x548.webp 768w, https:\/\/brodandtaylor.eu\/wp-content\/uploads\/2025\/04\/BrodTaylor-Backhaube-eckig-008514-heating-400x286.webp 400w\" sizes=\"auto, (max-width: 1000px) 100vw, 1000px\" \/>\t\t\t\t\t\t\n\t\t\t\t\t<\/div>\n\t\t\t\t\t\t\t\t\n<style>\n#image_1533699778 {\n  width: 100%;\n}\n<\/style>\n\t<\/div>\n\t\n\t\t<\/div>\n\t\t\t\t\t<\/div>\n\n\t\n<\/div>\n<div class=\"row align-middle\"  id=\"row-1321842544\">\n\n\t<div id=\"col-834144949\" class=\"col medium-6 small-12 large-6\"  >\n\t\t\t\t<div class=\"col-inner\"  >\n\t\t\t\n\t\t\t\n<div class=\"video video-fit mb\" style=\"padding-top:75%;\"><div style=\"width: 640px;\" class=\"wp-video\"><video class=\"wp-video-shortcode\" id=\"video-21576-1\" width=\"640\" height=\"360\" preload=\"metadata\" controls=\"controls\"><source type=\"video\/mp4\" src=\"https:\/\/cdn.shopify.com\/videos\/c\/o\/v\/afe02d8de466467090d9561e968c980f.mp4?_=1\" \/><a href=\"https:\/\/cdn.shopify.com\/videos\/c\/o\/v\/afe02d8de466467090d9561e968c980f.mp4\" target=\"_blank\" rel=\"noopener\">https:\/\/cdn.shopify.com\/videos\/c\/o\/v\/afe02d8de466467090d9561e968c980f.mp4<\/a><\/video><\/div>\n<\/div>\n\t\t<\/div>\n\t\t\t\t\t<\/div>\n\n\t\n\n\t<div id=\"col-1270671401\" class=\"col medium-6 small-12 large-6\"  >\n\t\t\t\t<div class=\"col-inner\"  >\n\t\t\t\n\t\t\t\n<h3>\u201eWenn man die Backhaube einmal benutzt hat, ist es ziemlich schwer, zu einer anderen Methode zur\u00fcckzukehren.\u201c<\/h3>\n<p>Maurizio Leo, The Perfect Loaf<\/p>\n\t\t<\/div>\n\t\t\t\t\t<\/div>\n\n\t\n<\/div>\n\t\t<\/div>\n\n\t\t\n<style>\n#section_749474139 {\n  padding-top: 30px;\n  padding-bottom: 30px;\n}\n<\/style>\n\t<\/section>\n\t\n\n\t<section class=\"section has-parallax\" id=\"section_206195186\">\n\t\t<div class=\"section-bg fill\" data-parallax-container=\".section\" data-parallax-background data-parallax=\"-8\">\n\t\t\t<img loading=\"lazy\" decoding=\"async\" width=\"1280\" height=\"720\" src=\"https:\/\/brodandtaylor.eu\/wp-content\/uploads\/2025\/04\/BrodTaylor-Backhaube-rund-008515-para.webp\" class=\"bg attachment- size-\" alt=\"\" \/>\t\t\t\t\t\t\n\t\t\t\n\n\t\t<\/div>\n\n\t\t\n\n\t\t<div class=\"section-content relative\">\n\t\t\t\n\t\t<\/div>\n\n\t\t\n<style>\n#section_206195186 {\n  padding-top: 30px;\n  padding-bottom: 30px;\n  min-height: 500px;\n}\n<\/style>\n\t<\/section>\n\t\n","protected":false},"excerpt":{"rendered":"<p>Backhaube f\u00fcr Stangenbrot<\/p>\n","protected":false},"featured_media":21587,"comment_status":"open","ping_status":"closed","template":"","meta":{"_acf_changed":false,"_monsterinsights_skip_tracking":false,"_monsterinsights_sitenote_active":false,"_monsterinsights_sitenote_note":"","_monsterinsights_sitenote_category":0},"product_brand":[],"product_cat":[150,163],"product_tag":[],"class_list":{"0":"post-21576","1":"product","2":"type-product","3":"status-publish","4":"has-post-thumbnail","6":"product_cat-backhelfer","7":"product_cat-brotbacken","9":"first","10":"instock","11":"taxable","12":"shipping-taxable","13":"purchasable","14":"product-type-simple"},"bundled_by":[],"bundle_stock_status":"instock","bundle_stock_quantity":100,"bundle_virtual":false,"bundle_layout":"","bundle_add_to_cart_form_location":"","bundle_editable_in_cart":false,"bundle_sold_individually_context":"","bundle_item_grouping":"","bundle_min_size":"","bundle_max_size":"","bundle_price":[],"bundled_items":[],"bundle_sell_ids":[],"acf":[],"_links":{"self":[{"href":"https:\/\/brodandtaylor.eu\/de\/wp-json\/wp\/v2\/product\/21576","targetHints":{"allow":["GET"]}}],"collection":[{"href":"https:\/\/brodandtaylor.eu\/de\/wp-json\/wp\/v2\/product"}],"about":[{"href":"https:\/\/brodandtaylor.eu\/de\/wp-json\/wp\/v2\/types\/product"}],"replies":[{"embeddable":true,"href":"https:\/\/brodandtaylor.eu\/de\/wp-json\/wp\/v2\/comments?post=21576"}],"wp:featuredmedia":[{"embeddable":true,"href":"https:\/\/brodandtaylor.eu\/de\/wp-json\/wp\/v2\/media\/21587"}],"wp:attachment":[{"href":"https:\/\/brodandtaylor.eu\/de\/wp-json\/wp\/v2\/media?parent=21576"}],"wp:term":[{"taxonomy":"product_brand","embeddable":true,"href":"https:\/\/brodandtaylor.eu\/de\/wp-json\/wp\/v2\/product_brand?post=21576"},{"taxonomy":"product_cat","embeddable":true,"href":"https:\/\/brodandtaylor.eu\/de\/wp-json\/wp\/v2\/product_cat?post=21576"},{"taxonomy":"product_tag","embeddable":true,"href":"https:\/\/brodandtaylor.eu\/de\/wp-json\/wp\/v2\/product_tag?post=21576"}],"curies":[{"name":"wp","href":"https:\/\/api.w.org\/{rel}","templated":true}]}}