{"id":15065,"date":"2022-08-31T14:21:41","date_gmt":"2022-08-31T12:21:41","guid":{"rendered":"https:\/\/brodandtaylor.eu\/?post_type=product&#038;p=15065"},"modified":"2026-05-04T10:09:16","modified_gmt":"2026-05-04T08:09:16","slug":"teigruehrer","status":"publish","type":"product","link":"https:\/\/brodandtaylor.eu\/de\/produkt\/teigruehrer\/","title":{"rendered":"Teigr\u00fchrer"},"content":{"rendered":"\t<div class=\"img has-hover x md-x lg-x y md-y lg-y\" id=\"image_1229245937\">\n\t\t\t\t\t\t\t\t<div class=\"img-inner dark\" >\n\t\t\t<img loading=\"lazy\" decoding=\"async\" width=\"1020\" height=\"631\" src=\"https:\/\/brodandtaylor.eu\/wp-content\/uploads\/2022\/08\/dough-wisk-brod-and-taylor.jpg\" class=\"attachment-large size-large\" alt=\"Teigr\u00fchrer von Brod&amp;Taylor\" srcset=\"https:\/\/brodandtaylor.eu\/wp-content\/uploads\/2022\/08\/dough-wisk-brod-and-taylor.jpg 1120w, https:\/\/brodandtaylor.eu\/wp-content\/uploads\/2022\/08\/dough-wisk-brod-and-taylor-646x400.jpg 646w, https:\/\/brodandtaylor.eu\/wp-content\/uploads\/2022\/08\/dough-wisk-brod-and-taylor-768x475.jpg 768w, https:\/\/brodandtaylor.eu\/wp-content\/uploads\/2022\/08\/dough-wisk-brod-and-taylor-400x248.jpg 400w\" sizes=\"auto, (max-width: 1020px) 100vw, 1020px\" \/>\t\t\t\t\t\t\n\t\t\t\t\t<\/div>\n\t\t\t\t\t\t\t\t\n<style>\n#image_1229245937 {\n  width: 100%;\n}\n<\/style>\n\t<\/div>\n\t\n<div class=\"is-divider divider clearfix\" style=\"background-color:rgba(0, 0, 0, 0);\"><\/div>\n\t<div id=\"text-3414513058\" class=\"text\">\n\t\t\n<h2>Teigr\u00fchrer von Brod &amp; Taylor<\/h2>\n<p>Sp\u00fclmaschinenfeste, ultra-robuste Konstruktion, die f\u00fcr eine lange Lebensdauer ausgelegt ist. Der extra dicke Edelstahl ist selbst f\u00fcr die h\u00e4rtesten Teige, R\u00fchrteige und vieles mehr geeignet.<\/p>\n<p>Das richtige R\u00fchrwerkzeug ist beim Backen von Brot oder bei der Arbeit mit Zutaten, die schnell und effektiv vermischt werden m\u00fcssen, unerl\u00e4sslich. Die meisten Schneebesen haben einen instabilen Griff, der mit dem Schneebesen-Draht verbunden ist, und das h\u00e4lt auf Dauer nicht.<\/p>\n<p>Unser Teigr\u00fchrer ist ein einteiliges Mehrzweck-K\u00fcchenwerkzeug, das sich besonders gut eignet, um nasse und trockene Zutaten mit wenig Aufwand und ohne Unordnung zu vermischen. Er verf\u00fcgt \u00fcber einen innovativen, rutschfesten, geformten Silikongriff und hat eine Gesamtl\u00e4nge von 34,3 cm.<\/p>\n\t\t\n<style>\n#text-3414513058 {\n  font-size: 1.5rem;\n}\n<\/style>\n\t<\/div>\n\t\n<div class=\"is-divider divider clearfix\" style=\"background-color:rgba(0, 0, 0, 0);\"><\/div>\n\t<div id=\"text-4066928933\" class=\"text\">\n\t\t\n<p><strong>Ein neuer Standard.<\/strong><br \/>\nWir haben diesen Teigr\u00fchrer so \u00fcberarbeitet, dass er eines der robustesten K\u00fcchenwerkzeuge der Welt ist. Ein dicker Edelstahldraht zieht sich durch den gesamten Griff und sorgt f\u00fcr St\u00e4rke und Haltbarkeit, die ein Leben lang halten.<\/p>\n\t\t\n<style>\n#text-4066928933 {\n  font-size: 1.5rem;\n}\n<\/style>\n\t<\/div>\n\t\n<div class=\"is-divider divider clearfix\" style=\"background-color:rgba(0, 0, 0, 0);\"><\/div>\n\t<div class=\"img has-hover x md-x lg-x y md-y lg-y\" id=\"image_1798188494\">\n\t\t\t\t\t\t\t\t<div class=\"img-inner dark\" >\n\t\t\t<img loading=\"lazy\" decoding=\"async\" width=\"1020\" height=\"631\" src=\"https:\/\/brodandtaylor.eu\/wp-content\/uploads\/2022\/08\/dough-whisk-infographic-de.jpg\" class=\"attachment-large size-large\" alt=\"\" srcset=\"https:\/\/brodandtaylor.eu\/wp-content\/uploads\/2022\/08\/dough-whisk-infographic-de.jpg 1120w, https:\/\/brodandtaylor.eu\/wp-content\/uploads\/2022\/08\/dough-whisk-infographic-de-646x400.jpg 646w, https:\/\/brodandtaylor.eu\/wp-content\/uploads\/2022\/08\/dough-whisk-infographic-de-768x475.jpg 768w, https:\/\/brodandtaylor.eu\/wp-content\/uploads\/2022\/08\/dough-whisk-infographic-de-400x248.jpg 400w\" sizes=\"auto, (max-width: 1020px) 100vw, 1020px\" \/>\t\t\t\t\t\t\n\t\t\t\t\t<\/div>\n\t\t\t\t\t\t\t\t\n<style>\n#image_1798188494 {\n  width: 100%;\n}\n<\/style>\n\t<\/div>\n\t\n<div class=\"is-divider divider clearfix\" style=\"background-color:rgba(0, 0, 0, 0);\"><\/div>\n<div class=\"row align-middle\"  id=\"row-1707098880\">\n\n\t<div id=\"col-221763437\" class=\"col medium-6 small-12 large-6\"  >\n\t\t\t\t<div class=\"col-inner\"  >\n\t\t\t\n\t\t\t\n\t<div id=\"text-1045130998\" class=\"text\">\n\t\t\n<p><strong>Sp\u00fclmaschinenfest.<\/strong><br \/>\nUm die Reinigung so einfach wie m\u00f6glich zu machen.<\/p>\n\t\t\n<style>\n#text-1045130998 {\n  font-size: 1.5rem;\n}\n<\/style>\n\t<\/div>\n\t\n\t\t<\/div>\n\t\t\t\t\t<\/div>\n\n\t\n\n\t<div id=\"col-1089646132\" class=\"col medium-6 small-12 large-6\"  >\n\t\t\t\t<div class=\"col-inner\"  >\n\t\t\t\n\t\t\t\n\t<div class=\"img has-hover x md-x lg-x y md-y lg-y\" id=\"image_1640040673\">\n\t\t\t\t\t\t\t\t<div class=\"img-inner dark\" >\n\t\t\t<img loading=\"lazy\" decoding=\"async\" width=\"480\" height=\"480\" src=\"https:\/\/brodandtaylor.eu\/wp-content\/uploads\/2022\/08\/dough-wisk-3.jpg\" class=\"attachment-large size-large\" alt=\"\" srcset=\"https:\/\/brodandtaylor.eu\/wp-content\/uploads\/2022\/08\/dough-wisk-3.jpg 480w, https:\/\/brodandtaylor.eu\/wp-content\/uploads\/2022\/08\/dough-wisk-3-400x400.jpg 400w, https:\/\/brodandtaylor.eu\/wp-content\/uploads\/2022\/08\/dough-wisk-3-280x280.jpg 280w, https:\/\/brodandtaylor.eu\/wp-content\/uploads\/2022\/08\/dough-wisk-3-100x100.jpg 100w\" sizes=\"auto, (max-width: 480px) 100vw, 480px\" \/>\t\t\t\t\t\t\n\t\t\t\t\t<\/div>\n\t\t\t\t\t\t\t\t\n<style>\n#image_1640040673 {\n  width: 100%;\n}\n<\/style>\n\t<\/div>\n\t\n\t\t<\/div>\n\t\t\t\t\t<\/div>\n\n\t\n<\/div>\n<div class=\"row align-middle\"  id=\"row-894459776\">\n\n\t<div id=\"col-1991067973\" class=\"col medium-6 small-12 large-6\"  >\n\t\t\t\t<div class=\"col-inner\"  >\n\t\t\t\n\t\t\t\n\t<div class=\"img has-hover x md-x lg-x y md-y lg-y\" id=\"image_597716623\">\n\t\t\t\t\t\t\t\t<div class=\"img-inner dark\" >\n\t\t\t<img loading=\"lazy\" decoding=\"async\" width=\"480\" height=\"480\" src=\"https:\/\/brodandtaylor.eu\/wp-content\/uploads\/2022\/08\/dough-wisk-2.jpg\" class=\"attachment-large size-large\" alt=\"\" srcset=\"https:\/\/brodandtaylor.eu\/wp-content\/uploads\/2022\/08\/dough-wisk-2.jpg 480w, https:\/\/brodandtaylor.eu\/wp-content\/uploads\/2022\/08\/dough-wisk-2-400x400.jpg 400w, https:\/\/brodandtaylor.eu\/wp-content\/uploads\/2022\/08\/dough-wisk-2-280x280.jpg 280w, https:\/\/brodandtaylor.eu\/wp-content\/uploads\/2022\/08\/dough-wisk-2-100x100.jpg 100w\" sizes=\"auto, (max-width: 480px) 100vw, 480px\" \/>\t\t\t\t\t\t\n\t\t\t\t\t<\/div>\n\t\t\t\t\t\t\t\t\n<style>\n#image_597716623 {\n  width: 100%;\n}\n<\/style>\n\t<\/div>\n\t\n\t\t<\/div>\n\t\t\t\t\t<\/div>\n\n\t\n\n\t<div id=\"col-218820488\" class=\"col medium-6 small-12 large-6\"  >\n\t\t\t\t<div class=\"col-inner\"  >\n\t\t\t\n\t\t\t\n\t<div id=\"text-2742214868\" class=\"text\">\n\t\t\n<p><strong>Hergestellt f\u00fcr Kontrolle und Komfort.<\/strong><br \/>\n34,3 cm L\u00e4nge mit einem Softgrip-Silikongriff.<\/p>\n\t\t\n<style>\n#text-2742214868 {\n  font-size: 1.5rem;\n}\n<\/style>\n\t<\/div>\n\t\n\t\t<\/div>\n\t\t\t\t\t<\/div>\n\n\t\n<\/div>\n<div class=\"row align-middle\"  id=\"row-790030987\">\n\n\t<div id=\"col-906970708\" class=\"col medium-6 small-12 large-6\"  >\n\t\t\t\t<div class=\"col-inner\"  >\n\t\t\t\n\t\t\t\n\t<div id=\"text-1545786947\" class=\"text\">\n\t\t\n<p><strong>Kraftvoll bei allen schweren R\u00fchraufgaben. <\/strong><br \/>\nPerfekt f\u00fcr schweren Sauerteig, Fleischb\u00e4llchen, dicken Keksteig und vieles mehr.<\/p>\n\t\t\n<style>\n#text-1545786947 {\n  font-size: 1.5rem;\n}\n<\/style>\n\t<\/div>\n\t\n\t\t<\/div>\n\t\t\t\t\t<\/div>\n\n\t\n\n\t<div id=\"col-1494850479\" class=\"col medium-6 small-12 large-6\"  >\n\t\t\t\t<div class=\"col-inner\"  >\n\t\t\t\n\t\t\t\n\t<div class=\"img has-hover x md-x lg-x y md-y lg-y\" id=\"image_278956973\">\n\t\t\t\t\t\t\t\t<div class=\"img-inner dark\" >\n\t\t\t<img loading=\"lazy\" decoding=\"async\" width=\"480\" height=\"480\" src=\"https:\/\/brodandtaylor.eu\/wp-content\/uploads\/2022\/08\/dough-wisk-1.jpg\" class=\"attachment-large size-large\" alt=\"\" srcset=\"https:\/\/brodandtaylor.eu\/wp-content\/uploads\/2022\/08\/dough-wisk-1.jpg 480w, https:\/\/brodandtaylor.eu\/wp-content\/uploads\/2022\/08\/dough-wisk-1-400x400.jpg 400w, https:\/\/brodandtaylor.eu\/wp-content\/uploads\/2022\/08\/dough-wisk-1-280x280.jpg 280w, https:\/\/brodandtaylor.eu\/wp-content\/uploads\/2022\/08\/dough-wisk-1-100x100.jpg 100w\" sizes=\"auto, (max-width: 480px) 100vw, 480px\" \/>\t\t\t\t\t\t\n\t\t\t\t\t<\/div>\n\t\t\t\t\t\t\t\t\n<style>\n#image_278956973 {\n  width: 100%;\n}\n<\/style>\n\t<\/div>\n\t\n\t\t<\/div>\n\t\t\t\t\t<\/div>\n\n\t\n<\/div>\n","protected":false},"excerpt":{"rendered":"<ul>\n<li>Extra dicker Edelstahl<\/li>\n<li>Unverw\u00fcstlicher Kern aus Edelstahl<\/li>\n<li>Extrem robuster, verst\u00e4rkter Griff<\/li>\n<li>Rutschfester Silikongriff<\/li>\n<li>Sp\u00fchlmaschinenfest<\/li>\n<\/ul>\n","protected":false},"featured_media":15041,"comment_status":"open","ping_status":"closed","template":"","meta":{"_acf_changed":false,"_monsterinsights_skip_tracking":false,"_monsterinsights_sitenote_active":false,"_monsterinsights_sitenote_note":"","_monsterinsights_sitenote_category":0},"product_brand":[],"product_cat":[150],"product_tag":[],"class_list":{"0":"post-15065","1":"product","2":"type-product","3":"status-publish","4":"has-post-thumbnail","6":"product_cat-backhelfer","8":"first","9":"instock","10":"taxable","11":"shipping-taxable","12":"purchasable","13":"product-type-simple"},"bundled_by":[],"bundle_stock_status":"instock","bundle_stock_quantity":100,"bundle_virtual":false,"bundle_layout":"","bundle_add_to_cart_form_location":"","bundle_editable_in_cart":false,"bundle_sold_individually_context":"","bundle_item_grouping":"","bundle_min_size":"","bundle_max_size":"","bundle_price":[],"bundled_items":[],"bundle_sell_ids":[],"acf":[],"_links":{"self":[{"href":"https:\/\/brodandtaylor.eu\/de\/wp-json\/wp\/v2\/product\/15065","targetHints":{"allow":["GET"]}}],"collection":[{"href":"https:\/\/brodandtaylor.eu\/de\/wp-json\/wp\/v2\/product"}],"about":[{"href":"https:\/\/brodandtaylor.eu\/de\/wp-json\/wp\/v2\/types\/product"}],"replies":[{"embeddable":true,"href":"https:\/\/brodandtaylor.eu\/de\/wp-json\/wp\/v2\/comments?post=15065"}],"wp:featuredmedia":[{"embeddable":true,"href":"https:\/\/brodandtaylor.eu\/de\/wp-json\/wp\/v2\/media\/15041"}],"wp:attachment":[{"href":"https:\/\/brodandtaylor.eu\/de\/wp-json\/wp\/v2\/media?parent=15065"}],"wp:term":[{"taxonomy":"product_brand","embeddable":true,"href":"https:\/\/brodandtaylor.eu\/de\/wp-json\/wp\/v2\/product_brand?post=15065"},{"taxonomy":"product_cat","embeddable":true,"href":"https:\/\/brodandtaylor.eu\/de\/wp-json\/wp\/v2\/product_cat?post=15065"},{"taxonomy":"product_tag","embeddable":true,"href":"https:\/\/brodandtaylor.eu\/de\/wp-json\/wp\/v2\/product_tag?post=15065"}],"curies":[{"name":"wp","href":"https:\/\/api.w.org\/{rel}","templated":true}]}}