{"id":14961,"date":"2022-08-04T10:36:46","date_gmt":"2022-08-04T08:36:46","guid":{"rendered":"https:\/\/brodandtaylor.eu\/?post_type=product&#038;p=14961"},"modified":"2026-04-07T10:09:09","modified_gmt":"2026-04-07T08:09:09","slug":"praezisions-kuechenwaage","status":"publish","type":"product","link":"https:\/\/brodandtaylor.eu\/de\/produkt\/praezisions-kuechenwaage\/","title":{"rendered":"Pr\u00e4zisions K\u00fcchenwaage"},"content":{"rendered":"<h2>Pr\u00e4zisions K\u00fcchenwaage von Brod &amp; Taylor aus kratzfestem Hartglas<\/h2>\n\n\t<section class=\"section\" id=\"section_1549745237\">\n\t\t<div class=\"section-bg fill\" >\n\t\t\t\t\t\t\t\t\t\n\t\t\t\n\t<div class=\"is-border\"\n\t\tstyle=\"border-width:0px 0px 0px 0px;margin:-0px 0px 0px 0px;\">\n\t<\/div>\n\n\t\t<\/div>\n\n\t\t\n\n\t\t<div class=\"section-content relative\">\n\t\t\t\n<h3>Eine bemerkenswerte K\u00fcchenwaage macht einen bemerkenswerten Unterschied. Ihre Geheimwaffe, um Ihre Vorbereitungen zu einer Wissenschaft zu machen.<\/h3>\n<div class=\"row align-middle\"  id=\"row-132604201\">\n\n\t<div id=\"col-996509035\" class=\"col medium-6 small-12 large-6\"  >\n\t\t\t\t<div class=\"col-inner\"  >\n\t\t\t\n\t\t\t\n\t<div id=\"text-1044688162\" class=\"text\">\n\t\t\n<p><strong>Einfaches, leicht zu reinigendes Design.<br \/>\n<\/strong> Kratzfestes, geh\u00e4rtetes Glas mit einem besonders hellen, kontrastreichen LCD-Bildschirm.<br \/>\n\t\t\n<style>\n#text-1044688162 {\n  font-size: 1.3rem;\n}\n<\/style>\n\t<\/div>\n\t\n\t\t<\/div>\n\t\t\t\t\t<\/div>\n\n\t\n\n\t<div id=\"col-643905027\" class=\"col medium-6 small-12 large-6\"  >\n\t\t\t\t<div class=\"col-inner\"  >\n\t\t\t\n\t\t\t\n\t<div class=\"img has-hover x md-x lg-x y md-y lg-y\" id=\"image_1311149166\">\n\t\t\t\t\t\t\t\t<div class=\"img-inner dark\" >\n\t\t\t<img decoding=\"async\" width=\"800\" height=\"800\" src=\"https:\/\/brodandtaylor.eu\/wp-content\/uploads\/2022\/08\/Brodandtaylor-Kuchenwaage-7-008440.jpg\" class=\"attachment-large size-large\" alt=\"K\u00fcchenwaage aus Kratzfestem, geh\u00e4rtetes Glas\" srcset=\"https:\/\/brodandtaylor.eu\/wp-content\/uploads\/2022\/08\/Brodandtaylor-Kuchenwaage-7-008440.jpg 800w, https:\/\/brodandtaylor.eu\/wp-content\/uploads\/2022\/08\/Brodandtaylor-Kuchenwaage-7-008440-400x400.jpg 400w, https:\/\/brodandtaylor.eu\/wp-content\/uploads\/2022\/08\/Brodandtaylor-Kuchenwaage-7-008440-280x280.jpg 280w, https:\/\/brodandtaylor.eu\/wp-content\/uploads\/2022\/08\/Brodandtaylor-Kuchenwaage-7-008440-768x768.jpg 768w, https:\/\/brodandtaylor.eu\/wp-content\/uploads\/2022\/08\/Brodandtaylor-Kuchenwaage-7-008440-100x100.jpg 100w\" sizes=\"(max-width: 800px) 100vw, 800px\" \/>\t\t\t\t\t\t\n\t\t\t\t\t<\/div>\n\t\t\t\t\t\t\t\t\n<style>\n#image_1311149166 {\n  width: 100%;\n}\n<\/style>\n\t<\/div>\n\t\n\t\t<\/div>\n\t\t\t\t\t<\/div>\n\n\t\n<\/div>\n<div class=\"row align-middle\"  id=\"row-616615453\">\n\n\t<div id=\"col-700061391\" class=\"col medium-6 small-12 large-6\"  >\n\t\t\t\t<div class=\"col-inner\"  >\n\t\t\t\n\t\t\t\n\t<div class=\"img has-hover x md-x lg-x y md-y lg-y\" id=\"image_1491327229\">\n\t\t\t\t\t\t\t\t<div class=\"img-inner dark\" >\n\t\t\t<img decoding=\"async\" width=\"800\" height=\"800\" src=\"https:\/\/brodandtaylor.eu\/wp-content\/uploads\/2022\/08\/Brodandtaylor-Kuchenwaage-9-008440.jpg\" class=\"attachment-large size-large\" alt=\"\" srcset=\"https:\/\/brodandtaylor.eu\/wp-content\/uploads\/2022\/08\/Brodandtaylor-Kuchenwaage-9-008440.jpg 800w, https:\/\/brodandtaylor.eu\/wp-content\/uploads\/2022\/08\/Brodandtaylor-Kuchenwaage-9-008440-400x400.jpg 400w, https:\/\/brodandtaylor.eu\/wp-content\/uploads\/2022\/08\/Brodandtaylor-Kuchenwaage-9-008440-280x280.jpg 280w, https:\/\/brodandtaylor.eu\/wp-content\/uploads\/2022\/08\/Brodandtaylor-Kuchenwaage-9-008440-768x768.jpg 768w, https:\/\/brodandtaylor.eu\/wp-content\/uploads\/2022\/08\/Brodandtaylor-Kuchenwaage-9-008440-100x100.jpg 100w\" sizes=\"(max-width: 800px) 100vw, 800px\" \/>\t\t\t\t\t\t\n\t\t\t\t\t<\/div>\n\t\t\t\t\t\t\t\t\n<style>\n#image_1491327229 {\n  width: 100%;\n}\n<\/style>\n\t<\/div>\n\t\n\t\t<\/div>\n\t\t\t\t\t<\/div>\n\n\t\n\n\t<div id=\"col-553012382\" class=\"col medium-6 small-12 large-6\"  >\n\t\t\t\t<div class=\"col-inner\"  >\n\t\t\t\n\t\t\t\n\t<div id=\"text-3715682365\" class=\"text\">\n\t\t\n<p><strong>Pr\u00e4zise und hohe Kapazit\u00e4t<\/strong>.<br \/>\n1-Gramm-Genauigkeit bis zu 15kg \/ 33lbs. Inklusive Batterien.<br \/>\n\t\t\n<style>\n#text-3715682365 {\n  font-size: 1.3rem;\n}\n<\/style>\n\t<\/div>\n\t\n\t\t<\/div>\n\t\t\t\t\t<\/div>\n\n\t\n<\/div>\n<div class=\"row align-middle\"  id=\"row-1080104881\">\n\n\t<div id=\"col-2064675348\" class=\"col medium-6 small-12 large-6\"  >\n\t\t\t\t<div class=\"col-inner\"  >\n\t\t\t\n\t\t\t\n\t<div id=\"text-4212504452\" class=\"text\">\n\t\t\n<p><strong>F\u00fcr die Ewigkeit gebaut.<br \/>\n<\/strong> Unsere strengen Tests gew\u00e4hrleisten die beste Zuverl\u00e4ssigkeit, Genauigkeit und Benutzerfreundlichkeit der Klasse.<br \/>\n\t\t\n<style>\n#text-4212504452 {\n  font-size: 1.3rem;\n}\n<\/style>\n\t<\/div>\n\t\n\t\t<\/div>\n\t\t\t\t\t<\/div>\n\n\t\n\n\t<div id=\"col-405818337\" class=\"col medium-6 small-12 large-6\"  >\n\t\t\t\t<div class=\"col-inner\"  >\n\t\t\t\n\t\t\t\n\t<div class=\"img has-hover x md-x lg-x y md-y lg-y\" id=\"image_1508059895\">\n\t\t\t\t\t\t\t\t<div class=\"img-inner dark\" >\n\t\t\t<img decoding=\"async\" width=\"800\" height=\"800\" src=\"https:\/\/brodandtaylor.eu\/wp-content\/uploads\/2022\/08\/Brodandtaylor-Kuchenwaage-8-008440.jpg\" class=\"attachment-large size-large\" alt=\"K\u00fcchenwaage, leicht zu reinigen\" srcset=\"https:\/\/brodandtaylor.eu\/wp-content\/uploads\/2022\/08\/Brodandtaylor-Kuchenwaage-8-008440.jpg 800w, https:\/\/brodandtaylor.eu\/wp-content\/uploads\/2022\/08\/Brodandtaylor-Kuchenwaage-8-008440-400x400.jpg 400w, https:\/\/brodandtaylor.eu\/wp-content\/uploads\/2022\/08\/Brodandtaylor-Kuchenwaage-8-008440-280x280.jpg 280w, https:\/\/brodandtaylor.eu\/wp-content\/uploads\/2022\/08\/Brodandtaylor-Kuchenwaage-8-008440-768x768.jpg 768w, https:\/\/brodandtaylor.eu\/wp-content\/uploads\/2022\/08\/Brodandtaylor-Kuchenwaage-8-008440-100x100.jpg 100w\" sizes=\"(max-width: 800px) 100vw, 800px\" \/>\t\t\t\t\t\t\n\t\t\t\t\t<\/div>\n\t\t\t\t\t\t\t\t\n<style>\n#image_1508059895 {\n  width: 100%;\n}\n<\/style>\n\t<\/div>\n\t\n\t\t<\/div>\n\t\t\t\t\t<\/div>\n\n\t\n<\/div>\n\t\t<\/div>\n\n\t\t\n<style>\n#section_1549745237 {\n  padding-top: 30px;\n  padding-bottom: 30px;\n  background-color: rgb(245, 245, 245);\n}\n<\/style>\n\t<\/section>\n\t\n","protected":false},"excerpt":{"rendered":"<ul>\n<li>Kratzfestes Hartglas mit extra hellem, kontrastreichem LCD-Display<\/li>\n<li>Pr\u00e4zisionswaage mit hoher Kapazit\u00e4t; wiegt bis zu 15 kg<\/li>\n<li>1-Gramm-Genauigkeit<\/li>\n<li>Leicht zu reinigen<\/li>\n<li>inkl. Batterien<\/li>\n<\/ul>\n","protected":false},"featured_media":14943,"comment_status":"open","ping_status":"closed","template":"","meta":{"_acf_changed":false},"product_brand":[],"product_cat":[150],"product_tag":[152],"class_list":{"0":"post-14961","1":"product","2":"type-product","3":"status-publish","4":"has-post-thumbnail","6":"product_cat-backhelfer","7":"product_tag-kuechenwaage","9":"first","10":"instock","11":"taxable","12":"shipping-taxable","13":"purchasable","14":"product-type-simple"},"bundled_by":[],"bundle_stock_status":"instock","bundle_stock_quantity":100,"bundle_virtual":false,"bundle_layout":"","bundle_add_to_cart_form_location":"","bundle_editable_in_cart":false,"bundle_sold_individually_context":"","bundle_item_grouping":"","bundle_min_size":"","bundle_max_size":"","bundle_price":[],"bundled_items":[],"bundle_sell_ids":[],"acf":[],"_links":{"self":[{"href":"https:\/\/brodandtaylor.eu\/de\/wp-json\/wp\/v2\/product\/14961","targetHints":{"allow":["GET"]}}],"collection":[{"href":"https:\/\/brodandtaylor.eu\/de\/wp-json\/wp\/v2\/product"}],"about":[{"href":"https:\/\/brodandtaylor.eu\/de\/wp-json\/wp\/v2\/types\/product"}],"replies":[{"embeddable":true,"href":"https:\/\/brodandtaylor.eu\/de\/wp-json\/wp\/v2\/comments?post=14961"}],"wp:featuredmedia":[{"embeddable":true,"href":"https:\/\/brodandtaylor.eu\/de\/wp-json\/wp\/v2\/media\/14943"}],"wp:attachment":[{"href":"https:\/\/brodandtaylor.eu\/de\/wp-json\/wp\/v2\/media?parent=14961"}],"wp:term":[{"taxonomy":"product_brand","embeddable":true,"href":"https:\/\/brodandtaylor.eu\/de\/wp-json\/wp\/v2\/product_brand?post=14961"},{"taxonomy":"product_cat","embeddable":true,"href":"https:\/\/brodandtaylor.eu\/de\/wp-json\/wp\/v2\/product_cat?post=14961"},{"taxonomy":"product_tag","embeddable":true,"href":"https:\/\/brodandtaylor.eu\/de\/wp-json\/wp\/v2\/product_tag?post=14961"}],"curies":[{"name":"wp","href":"https:\/\/api.w.org\/{rel}","templated":true}]}}