{"id":13746,"date":"2021-07-13T21:06:18","date_gmt":"2021-07-13T19:06:18","guid":{"rendered":"https:\/\/brodandtaylor.eu\/?post_type=product&#038;p=13746"},"modified":"2026-03-25T09:08:42","modified_gmt":"2026-03-25T08:08:42","slug":"tragetasche-fuer-sahara","status":"publish","type":"product","link":"https:\/\/brodandtaylor.eu\/de\/produkt\/tragetasche-fuer-sahara\/","title":{"rendered":"Tragetasche f\u00fcr SAHARA"},"content":{"rendered":"<p>Passend f\u00fcr: SAHARA D\u00f6rrger\u00e4t sowie 7 Einsch\u00fcbe (inkl. der Einsch\u00fcbe-Tasche)<\/p>\n<ul>\n<li>Au\u00dfentaschenaufbewahrung<\/li>\n<li>Strapazierf\u00e4hige Nylonkonstruktion<\/li>\n<li>Tragegriff und Schultergurt<\/li>\n<li>Robuster Rei\u00dfverschluss<\/li>\n<\/ul>\n<p>Gewicht: 1.5 kg<br \/>\nMa\u00dfe: 60 x 40 x 15 cm Au\u00dfenabmessungen<\/p>\n","protected":false},"excerpt":{"rendered":"<p>Passend f\u00fcr: SAHARA D\u00f6rrger\u00e4t sowie 7 Einsch\u00fcbe (inkl. der Einsch\u00fcbe-Tasche) Au\u00dfentaschenaufbewahrung Strapazierf\u00e4hige Nylonkonstruktion Tragegriff und Schultergurt Robuster Rei\u00dfverschluss Gewicht: 1.5 kg Ma\u00dfe: 60 x 40 x 15 cm Au\u00dfenabmessungen<\/p>\n","protected":false},"featured_media":13749,"comment_status":"open","ping_status":"closed","template":"","meta":{"_acf_changed":false,"_monsterinsights_skip_tracking":false,"_monsterinsights_sitenote_active":false,"_monsterinsights_sitenote_note":"","_monsterinsights_sitenote_category":0},"product_brand":[],"product_cat":[92],"product_tag":[],"class_list":{"0":"post-13746","1":"product","2":"type-product","3":"status-publish","4":"has-post-thumbnail","6":"product_cat-doerrautomat-zubehoer-kaufen","8":"first","9":"instock","10":"sale","11":"taxable","12":"shipping-taxable","13":"purchasable","14":"product-type-simple"},"bundled_by":[],"bundle_stock_status":"instock","bundle_stock_quantity":100,"bundle_virtual":false,"bundle_layout":"","bundle_add_to_cart_form_location":"","bundle_editable_in_cart":false,"bundle_sold_individually_context":"","bundle_item_grouping":"","bundle_min_size":"","bundle_max_size":"","bundle_price":[],"bundled_items":[],"bundle_sell_ids":[],"acf":[],"_links":{"self":[{"href":"https:\/\/brodandtaylor.eu\/de\/wp-json\/wp\/v2\/product\/13746","targetHints":{"allow":["GET"]}}],"collection":[{"href":"https:\/\/brodandtaylor.eu\/de\/wp-json\/wp\/v2\/product"}],"about":[{"href":"https:\/\/brodandtaylor.eu\/de\/wp-json\/wp\/v2\/types\/product"}],"replies":[{"embeddable":true,"href":"https:\/\/brodandtaylor.eu\/de\/wp-json\/wp\/v2\/comments?post=13746"}],"wp:featuredmedia":[{"embeddable":true,"href":"https:\/\/brodandtaylor.eu\/de\/wp-json\/wp\/v2\/media\/13749"}],"wp:attachment":[{"href":"https:\/\/brodandtaylor.eu\/de\/wp-json\/wp\/v2\/media?parent=13746"}],"wp:term":[{"taxonomy":"product_brand","embeddable":true,"href":"https:\/\/brodandtaylor.eu\/de\/wp-json\/wp\/v2\/product_brand?post=13746"},{"taxonomy":"product_cat","embeddable":true,"href":"https:\/\/brodandtaylor.eu\/de\/wp-json\/wp\/v2\/product_cat?post=13746"},{"taxonomy":"product_tag","embeddable":true,"href":"https:\/\/brodandtaylor.eu\/de\/wp-json\/wp\/v2\/product_tag?post=13746"}],"curies":[{"name":"wp","href":"https:\/\/api.w.org\/{rel}","templated":true}]}}