{"id":12021,"date":"2020-11-08T11:35:54","date_gmt":"2020-11-08T10:35:54","guid":{"rendered":"https:\/\/brodandtaylor.eu\/?post_type=product&#038;p=12021"},"modified":"2026-02-18T13:38:43","modified_gmt":"2026-02-18T12:38:43","slug":"brod-taylor-gaerautomat-gummifuesse","status":"publish","type":"product","link":"https:\/\/brodandtaylor.eu\/de\/produkt\/brod-taylor-gaerautomat-gummifuesse\/","title":{"rendered":"Gummif\u00fc\u00dfe f\u00fcr Brod &#038; Taylor G\u00e4rautomat"},"content":{"rendered":"<p>Wenn Sie den FP-201 haben (Erh\u00e4ltlich bis 2018), dann brauchen Sie die FP-201 Gummif\u00fc\u00dfe.<\/p>\n<p>Wenn Sie den neuen FP-205 haben (Erh\u00e4ltlich seit 2018 mit Schongarmodus), dann brauchen Sie die FP-205 Gummif\u00fc\u00dfe.<\/p>\n","protected":false},"excerpt":{"rendered":"<p>Wenn Sie den FP-201 haben (Erh\u00e4ltlich bis 2018), dann brauchen Sie die FP-201 Gummif\u00fc\u00dfe. Wenn Sie den neuen FP-205 haben (Erh\u00e4ltlich seit 2018 mit Schongarmodus), dann brauchen Sie die FP-205 Gummif\u00fc\u00dfe.<\/p>\n","protected":false},"featured_media":12028,"comment_status":"open","ping_status":"closed","template":"","meta":{"_acf_changed":false},"product_brand":[],"product_cat":[114],"product_tag":[],"class_list":{"0":"post-12021","1":"product","2":"type-product","3":"status-publish","4":"has-post-thumbnail","6":"product_cat-gaerautomat-ersatzteile-spare-parts","8":"first","9":"instock","10":"taxable","11":"shipping-taxable","12":"purchasable","13":"product-type-variable"},"bundled_by":[],"bundle_stock_status":"instock","bundle_stock_quantity":null,"bundle_virtual":false,"bundle_layout":"","bundle_add_to_cart_form_location":"","bundle_editable_in_cart":false,"bundle_sold_individually_context":"","bundle_item_grouping":"","bundle_min_size":"","bundle_max_size":"","bundle_price":[],"bundled_items":[],"bundle_sell_ids":[],"acf":[],"_links":{"self":[{"href":"https:\/\/brodandtaylor.eu\/de\/wp-json\/wp\/v2\/product\/12021","targetHints":{"allow":["GET"]}}],"collection":[{"href":"https:\/\/brodandtaylor.eu\/de\/wp-json\/wp\/v2\/product"}],"about":[{"href":"https:\/\/brodandtaylor.eu\/de\/wp-json\/wp\/v2\/types\/product"}],"replies":[{"embeddable":true,"href":"https:\/\/brodandtaylor.eu\/de\/wp-json\/wp\/v2\/comments?post=12021"}],"wp:featuredmedia":[{"embeddable":true,"href":"https:\/\/brodandtaylor.eu\/de\/wp-json\/wp\/v2\/media\/12028"}],"wp:attachment":[{"href":"https:\/\/brodandtaylor.eu\/de\/wp-json\/wp\/v2\/media?parent=12021"}],"wp:term":[{"taxonomy":"product_brand","embeddable":true,"href":"https:\/\/brodandtaylor.eu\/de\/wp-json\/wp\/v2\/product_brand?post=12021"},{"taxonomy":"product_cat","embeddable":true,"href":"https:\/\/brodandtaylor.eu\/de\/wp-json\/wp\/v2\/product_cat?post=12021"},{"taxonomy":"product_tag","embeddable":true,"href":"https:\/\/brodandtaylor.eu\/de\/wp-json\/wp\/v2\/product_tag?post=12021"}],"curies":[{"name":"wp","href":"https:\/\/api.w.org\/{rel}","templated":true}]}}