{"id":11625,"date":"2020-07-29T17:53:10","date_gmt":"2020-07-29T15:53:10","guid":{"rendered":"https:\/\/brodandtaylor.eu\/?post_type=product&#038;p=11625"},"modified":"2026-02-17T10:10:14","modified_gmt":"2026-02-17T09:10:14","slug":"klappbare-seitenwaende-fuer-gaerautomat","status":"publish","type":"product","link":"https:\/\/brodandtaylor.eu\/de\/produkt\/klappbare-seitenwaende-fuer-gaerautomat\/","title":{"rendered":"Klappbare Seitenw\u00e4nde f\u00fcr G\u00e4rautomat"},"content":{"rendered":"<p>Das Set besteht auf vier vormontierten Seitenw\u00e4nden f\u00fcr den Brod &amp; Taylor Klappbarer G\u00e4rautomat &amp; Schongarer FP-205 sowie FP-201.<\/p>\n<p>Ma\u00dfe: 43 x 43 x 8 cm<\/p>\n","protected":false},"excerpt":{"rendered":"<p>Das Set besteht auf vier vormontierten Seitenw\u00e4nden f\u00fcr den Brod &amp; Taylor Klappbarer G\u00e4rautomat &amp; Schongarer FP-205 sowie FP-201. Ma\u00dfe: 43 x 43 x 8 cm<\/p>\n","protected":false},"featured_media":11608,"comment_status":"open","ping_status":"closed","template":"","meta":{"_acf_changed":false},"product_brand":[],"product_cat":[114],"product_tag":[],"class_list":{"0":"post-11625","1":"product","2":"type-product","3":"status-publish","4":"has-post-thumbnail","6":"product_cat-gaerautomat-ersatzteile-spare-parts","8":"first","9":"instock","10":"taxable","11":"shipping-taxable","12":"purchasable","13":"product-type-simple"},"bundled_by":[],"bundle_stock_status":"instock","bundle_stock_quantity":100,"bundle_virtual":false,"bundle_layout":"","bundle_add_to_cart_form_location":"","bundle_editable_in_cart":false,"bundle_sold_individually_context":"","bundle_item_grouping":"","bundle_min_size":"","bundle_max_size":"","bundle_price":[],"bundled_items":[],"bundle_sell_ids":[],"acf":[],"_links":{"self":[{"href":"https:\/\/brodandtaylor.eu\/de\/wp-json\/wp\/v2\/product\/11625","targetHints":{"allow":["GET"]}}],"collection":[{"href":"https:\/\/brodandtaylor.eu\/de\/wp-json\/wp\/v2\/product"}],"about":[{"href":"https:\/\/brodandtaylor.eu\/de\/wp-json\/wp\/v2\/types\/product"}],"replies":[{"embeddable":true,"href":"https:\/\/brodandtaylor.eu\/de\/wp-json\/wp\/v2\/comments?post=11625"}],"wp:featuredmedia":[{"embeddable":true,"href":"https:\/\/brodandtaylor.eu\/de\/wp-json\/wp\/v2\/media\/11608"}],"wp:attachment":[{"href":"https:\/\/brodandtaylor.eu\/de\/wp-json\/wp\/v2\/media?parent=11625"}],"wp:term":[{"taxonomy":"product_brand","embeddable":true,"href":"https:\/\/brodandtaylor.eu\/de\/wp-json\/wp\/v2\/product_brand?post=11625"},{"taxonomy":"product_cat","embeddable":true,"href":"https:\/\/brodandtaylor.eu\/de\/wp-json\/wp\/v2\/product_cat?post=11625"},{"taxonomy":"product_tag","embeddable":true,"href":"https:\/\/brodandtaylor.eu\/de\/wp-json\/wp\/v2\/product_tag?post=11625"}],"curies":[{"name":"wp","href":"https:\/\/api.w.org\/{rel}","templated":true}]}}