{"id":11619,"date":"2020-07-29T14:59:17","date_gmt":"2020-07-29T12:59:17","guid":{"rendered":"https:\/\/brodandtaylor.eu\/?post_type=product&#038;p=11619"},"modified":"2026-03-02T09:38:42","modified_gmt":"2026-03-02T08:38:42","slug":"deckel-fuer-klappbarer-gaerautomat-schongarer","status":"publish","type":"product","link":"https:\/\/brodandtaylor.eu\/de\/produkt\/deckel-fuer-klappbarer-gaerautomat-schongarer\/","title":{"rendered":"Deckel f\u00fcr Klappbarer G\u00e4rautomat &#038; Schongarer"},"content":{"rendered":"<p>Ersatz Deckel f\u00fcr Brod &amp; Taylor Klappbarer G\u00e4rautomat &amp; Schongarer (FP-205)<\/p>\n<p>Ma\u00dfe: 50 x 41 x 13cm<\/p>\n","protected":false},"excerpt":{"rendered":"<p>Ersatz Deckel f\u00fcr Brod &amp; Taylor Klappbarer G\u00e4rautomat &amp; Schongarer (FP-205) Ma\u00dfe: 50 x 41 x 13cm<\/p>\n","protected":false},"featured_media":11604,"comment_status":"open","ping_status":"closed","template":"","meta":{"_acf_changed":false},"product_brand":[],"product_cat":[114],"product_tag":[],"class_list":{"0":"post-11619","1":"product","2":"type-product","3":"status-publish","4":"has-post-thumbnail","6":"product_cat-gaerautomat-ersatzteile-spare-parts","8":"first","9":"instock","10":"taxable","11":"shipping-taxable","12":"purchasable","13":"product-type-simple"},"bundled_by":[],"bundle_stock_status":"instock","bundle_stock_quantity":100,"bundle_virtual":false,"bundle_layout":"","bundle_add_to_cart_form_location":"","bundle_editable_in_cart":false,"bundle_sold_individually_context":"","bundle_item_grouping":"","bundle_min_size":"","bundle_max_size":"","bundle_price":[],"bundled_items":[],"bundle_sell_ids":[],"acf":[],"_links":{"self":[{"href":"https:\/\/brodandtaylor.eu\/de\/wp-json\/wp\/v2\/product\/11619","targetHints":{"allow":["GET"]}}],"collection":[{"href":"https:\/\/brodandtaylor.eu\/de\/wp-json\/wp\/v2\/product"}],"about":[{"href":"https:\/\/brodandtaylor.eu\/de\/wp-json\/wp\/v2\/types\/product"}],"replies":[{"embeddable":true,"href":"https:\/\/brodandtaylor.eu\/de\/wp-json\/wp\/v2\/comments?post=11619"}],"wp:featuredmedia":[{"embeddable":true,"href":"https:\/\/brodandtaylor.eu\/de\/wp-json\/wp\/v2\/media\/11604"}],"wp:attachment":[{"href":"https:\/\/brodandtaylor.eu\/de\/wp-json\/wp\/v2\/media?parent=11619"}],"wp:term":[{"taxonomy":"product_brand","embeddable":true,"href":"https:\/\/brodandtaylor.eu\/de\/wp-json\/wp\/v2\/product_brand?post=11619"},{"taxonomy":"product_cat","embeddable":true,"href":"https:\/\/brodandtaylor.eu\/de\/wp-json\/wp\/v2\/product_cat?post=11619"},{"taxonomy":"product_tag","embeddable":true,"href":"https:\/\/brodandtaylor.eu\/de\/wp-json\/wp\/v2\/product_tag?post=11619"}],"curies":[{"name":"wp","href":"https:\/\/api.w.org\/{rel}","templated":true}]}}