{"id":9532,"date":"2020-02-07T12:28:49","date_gmt":"2020-02-07T11:28:49","guid":{"rendered":"https:\/\/brodandtaylor.eu\/?page_id=9532"},"modified":"2023-03-16T12:42:55","modified_gmt":"2023-03-16T11:42:55","slug":"bedienungsanleitungen","status":"publish","type":"page","link":"https:\/\/brodandtaylor.eu\/de\/bedienungsanleitungen\/","title":{"rendered":"Bedienungsanleitungen"},"content":{"rendered":"<h1>Bedienungsanleitungen<\/h1>\n<h3>SAHARA faltbarer D\u00f6rrautomat (DR 720)<\/h3>\n<p>SAHARA Anleitung &#8211; <a href=\"https:\/\/brodandtaylor.eu\/wp-content\/uploads\/2020\/02\/SAHARA_Doerrautomat_Bedienungsanleitung_De.pdf\">Deutsch<\/a><br \/>SAHARA Anleitung &#8211; <a href=\"https:\/\/brodandtaylor.eu\/wp-content\/uploads\/2020\/02\/SAHARA_Dehydrator_Manual_En.pdf\">English<\/a><br \/>SAHARA Anleitung &#8211; <a href=\"https:\/\/brodandtaylor.eu\/wp-content\/uploads\/2020\/02\/SAHARA_Deshydrateur_Instructions_Fr.pdf\">French<\/a><br \/>SAHARA Anleitung &#8211; <a href=\"https:\/\/brodandtaylor.eu\/wp-content\/uploads\/2020\/02\/SAHARA_Essiccatore_Istruzioni_IT.pdf\">Italian<\/a><br \/>SAHARA Anleitung &#8211; <a href=\"https:\/\/brodandtaylor.eu\/wp-content\/uploads\/2020\/02\/SAHARA_Deshidratador_Instrucciones_ES.pdf\">Spanish<\/a><\/p>\n<h3>Klappbarer G\u00e4rautomat &amp; Schongarer<\/h3>\n<p>Auf unten stehenden Link klicken und die Bedienungsanleitung f\u00fcr den klappbaren G\u00e4rautomaten &amp; Schongarer herunterladen.<br \/>Das Modell FP-201 wurde vom FP-205 Anfang 2018 ersetzt.<\/p>\n<p><a href=\"\/wp-content\/uploads\/2020\/02\/FP105-205_Bedienungsanleitung-EnFrDeEs.pdf\">FP-205 Bedienungsanleitung Deutsch<\/a><br \/><a href=\"\/wp-content\/uploads\/2020\/02\/FP105-205_Bedienungsanleitung-EnFrDeEs.pdf\">FP-205 Bedienungsanleitung English<\/a><br \/><a href=\"\/wp-content\/uploads\/2020\/02\/FP105-205_Bedienungsanleitung-EnFrDeEs.pdf\">FP-205 Bedienungsanleitung French<\/a><br \/><a href=\"\/wp-content\/uploads\/2020\/02\/FP105-205_Bedienungsanleitung-EnFrDeEs.pdf\">FP-205 Bedienungsanleitung Spanish<\/a><\/p>\n<h5>Klappbarer G\u00e4rautomat (FP-201)<\/h5>\n<p><a href=\"http:\/\/brodandtaylor.com\/wp-content\/uploads\/2014\/03\/French-FP-201.pdf\" target=\"_blank\" rel=\"noopener\">FP-201 Bedienungsanleitung Franz\u00f6sisch<br \/><\/a><a href=\"http:\/\/brodandtaylor.com\/wp-content\/uploads\/2014\/03\/German-FP-201.pdf\" target=\"_blank\" rel=\"noopener\">FP-201 Bedienungsanleitung Deutsch<\/a><br \/><a href=\"http:\/\/brodandtaylor.com\/wp-content\/uploads\/2014\/03\/Italian-FP-201.pdf\" target=\"_blank\" rel=\"noopener\">FP-201 Bedienungsanleitung Italienisch<\/a><br \/><a href=\"http:\/\/brodandtaylor.com\/wp-content\/uploads\/2014\/03\/Russian-FP-201.pdf\" target=\"_blank\" rel=\"noopener\">FP-201 Bedienungsanleitung Russisch<\/a><br \/><a href=\"http:\/\/brodandtaylor.com\/wp-content\/uploads\/2014\/03\/Spanish-FP-201.pdf\" target=\"_blank\" rel=\"noopener\">FP-201 Bedienungsanleitung Spanisch<br \/><\/a><a href=\"http:\/\/brodandtaylor.com\/wp-content\/uploads\/2014\/04\/FP-201_RecipesEnglish_Rev0814_WEB.pdf\" target=\"_blank\" rel=\"noopener\">FP-201 Rezepte (Englisch)<\/a><\/p>\n<h3>Sauerteig Home\u00a0<\/h3>\n<div class=\"page\" title=\"Page 13\">\n<div class=\"layoutArea\">\n<div class=\"column\">\n<p><a href=\"https:\/\/brodandtaylor.eu\/wp-content\/uploads\/2023\/03\/Sourdough-Home-Manual-En-Fr-Ge-Pt-Sp-Ab.pdf\">SH-100 Bedienungsanleitung Englisch<\/a><br \/><a href=\"https:\/\/brodandtaylor.eu\/wp-content\/uploads\/2023\/03\/Sourdough-Home-Manual-En-Fr-Ge-Pt-Sp-Ab.pdf\">SH-100 Bedienungsanleitung Franz\u00f6sisch<\/a><br \/><a href=\"https:\/\/brodandtaylor.eu\/wp-content\/uploads\/2023\/03\/Sourdough-Home-Manual-En-Fr-Ge-Pt-Sp-Ab.pdf\">SH-100 Bedienungsanleitung Deutsch<\/a><br \/><a href=\"https:\/\/brodandtaylor.eu\/wp-content\/uploads\/2023\/03\/Sourdough-Home-Manual-En-Fr-Ge-Pt-Sp-Ab.pdf\">SH-100 Bedienungsanleitung Portogiesisch<\/a><br \/><a href=\"https:\/\/brodandtaylor.eu\/wp-content\/uploads\/2023\/03\/Sourdough-Home-Manual-En-Fr-Ge-Pt-Sp-Ab.pdf\">SH-100 Bedienungsanleitung Spanisch<\/a><br \/><a href=\"https:\/\/brodandtaylor.eu\/wp-content\/uploads\/2023\/03\/Sourdough-Home-Manual-En-Fr-Ge-Pt-Sp-Ab.pdf\">SH-100 Bedienungsanleitung Arabisch<\/a><\/p>\n<\/div>\n<\/div>\n<\/div>\n","protected":false},"excerpt":{"rendered":"<p>Bedienungsanleitungen SAHARA faltbarer D\u00f6rrautomat (DR 720) SAHARA Anleitung &#8211; DeutschSAHARA Anleitung &#8211; EnglishSAHARA Anleitung &#8211; FrenchSAHARA Anleitung &#8211; ItalianSAHARA Anleitung &#8211; Spanish Klappbarer G\u00e4rautomat &amp; Schongarer Auf unten stehenden Link klicken und die Bedienungsanleitung f\u00fcr den klappbaren G\u00e4rautomaten &amp; Schongarer herunterladen.Das Modell FP-201 wurde vom FP-205 Anfang 2018 ersetzt. FP-205 Bedienungsanleitung DeutschFP-205 Bedienungsanleitung EnglishFP-205 Bedienungsanleitung[&#8230;]\n","protected":false},"author":38,"featured_media":0,"parent":0,"menu_order":0,"comment_status":"closed","ping_status":"closed","template":"","meta":{"_acf_changed":false,"_monsterinsights_skip_tracking":false,"_monsterinsights_sitenote_active":false,"_monsterinsights_sitenote_note":"","_monsterinsights_sitenote_category":0,"footnotes":""},"class_list":["post-9532","page","type-page","status-publish","hentry"],"acf":[],"_links":{"self":[{"href":"https:\/\/brodandtaylor.eu\/de\/wp-json\/wp\/v2\/pages\/9532","targetHints":{"allow":["GET"]}}],"collection":[{"href":"https:\/\/brodandtaylor.eu\/de\/wp-json\/wp\/v2\/pages"}],"about":[{"href":"https:\/\/brodandtaylor.eu\/de\/wp-json\/wp\/v2\/types\/page"}],"author":[{"embeddable":true,"href":"https:\/\/brodandtaylor.eu\/de\/wp-json\/wp\/v2\/users\/38"}],"replies":[{"embeddable":true,"href":"https:\/\/brodandtaylor.eu\/de\/wp-json\/wp\/v2\/comments?post=9532"}],"version-history":[{"count":0,"href":"https:\/\/brodandtaylor.eu\/de\/wp-json\/wp\/v2\/pages\/9532\/revisions"}],"wp:attachment":[{"href":"https:\/\/brodandtaylor.eu\/de\/wp-json\/wp\/v2\/media?parent=9532"}],"curies":[{"name":"wp","href":"https:\/\/api.w.org\/{rel}","templated":true}]}}