{"id":2336,"date":"2017-01-21T17:24:46","date_gmt":"2017-01-21T16:24:46","guid":{"rendered":"https:\/\/dev.brodandtaylor.eu\/support\/"},"modified":"2024-09-27T13:55:31","modified_gmt":"2024-09-27T11:55:31","slug":"support-de","status":"publish","type":"page","link":"https:\/\/brodandtaylor.eu\/de\/support-de\/","title":{"rendered":"Support"},"content":{"rendered":"<h1>Kundensupport<\/h1>\n<p>Wir sind begeistert von unseren Produkten und behandeln unsere Kunden, wie wir behandelt werden m\u00f6chten. Kontaktieren Sie uns, wir setzen alles daran Ihnen weiterzuhelfen. Sie sind \u00fcbergl\u00fccklich mit Ihrem Kauf? Wir w\u00fcrden uns sehr \u00fcber Feedback freuen und sind ganz neugierig wof\u00fcr Sie Ihren G\u00e4rautomaten alles nutzen.<\/p>\n<h3>Zufriedenheitsgarantie<\/h3>\n<p>Wir garantieren eine 100%-ige Kundenzufriedenheit auf unsere Brod &amp; Taylor Produkte. Sollten Sie wider Erwarten nicht zufrieden sein, senden Sie bitte Ihr Produkt innerhalb von 30 Tagen ohne Angabe von Gr\u00fcnden bei voller Kostenerstattung zur\u00fcck (Versandkosten sind von Ihnen zu tragen).\u00a0<a href=\"\/erweitertes-rueckgaberecht\">Siehe Einzelheiten<\/a>.<\/p>\n<p>\u00a0<\/p>\n<h2>Bedienungsanleitungen<\/h2>\n<h3>SAHARA faltbarer D\u00f6rrautomat (DR 720)<\/h3>\n<p>SAHARA Anleitung &#8211; <a href=\"https:\/\/brodandtaylor.eu\/wp-content\/uploads\/2020\/02\/SAHARA_Doerrautomat_Bedienungsanleitung_De.pdf\">Deutsch<\/a><br \/>SAHARA Anleitung &#8211; <a href=\"https:\/\/brodandtaylor.eu\/wp-content\/uploads\/2020\/02\/SAHARA_Dehydrator_Manual_En.pdf\">English<\/a><br \/>SAHARA Anleitung &#8211; <a href=\"https:\/\/brodandtaylor.eu\/wp-content\/uploads\/2020\/02\/SAHARA_Deshydrateur_Instructions_Fr.pdf\">French<\/a><br \/>SAHARA Anleitung &#8211; <a href=\"https:\/\/brodandtaylor.eu\/wp-content\/uploads\/2020\/02\/SAHARA_Essiccatore_Istruzioni_IT.pdf\">Italian<\/a><br \/>SAHARA Anleitung &#8211; <a href=\"https:\/\/brodandtaylor.eu\/wp-content\/uploads\/2020\/02\/SAHARA_Deshidratador_Instrucciones_ES.pdf\">Spanish<\/a><\/p>\n<h3>Klappbarer G\u00e4rautomat &amp; Schongarer<\/h3>\n<p>Auf unten stehenden Link klicken und die Bedienungsanleitung f\u00fcr den klappbaren G\u00e4rautomaten &amp; Schongarer herunterladen.<br \/>Das Modell FP-201 wurde vom FP-205 Anfang 2018 ersetzt.<\/p>\n<p><a href=\"\/wp-content\/uploads\/2020\/02\/FP105-205_Bedienungsanleitung-EnFrDeEs.pdf\">FP-205 Bedienungsanleitung Deutsch<\/a><br \/><a href=\"\/wp-content\/uploads\/2020\/02\/FP105-205_Bedienungsanleitung-EnFrDeEs.pdf\">FP-205 Bedienungsanleitung English<\/a><br \/><a href=\"\/wp-content\/uploads\/2020\/02\/FP105-205_Bedienungsanleitung-EnFrDeEs.pdf\">FP-205 Bedienungsanleitung French<\/a><br \/><a href=\"\/wp-content\/uploads\/2020\/02\/FP105-205_Bedienungsanleitung-EnFrDeEs.pdf\">FP-205 Bedienungsanleitung Spanish<\/a><\/p>\n<h5>Klappbarer G\u00e4rautomat (FP-201)<\/h5>\n<p><a href=\"http:\/\/brodandtaylor.com\/wp-content\/uploads\/2014\/03\/French-FP-201.pdf\" target=\"_blank\" rel=\"noopener\">FP-201 Bedienungsanleitung Franz\u00f6sisch<br \/><\/a><a href=\"http:\/\/brodandtaylor.com\/wp-content\/uploads\/2014\/03\/German-FP-201.pdf\" target=\"_blank\" rel=\"noopener\">FP-201 Bedienungsanleitung Deutsch<\/a><br \/><a href=\"http:\/\/brodandtaylor.com\/wp-content\/uploads\/2014\/03\/Italian-FP-201.pdf\" target=\"_blank\" rel=\"noopener\">FP-201 Bedienungsanleitung Italienisch<\/a><br \/><a href=\"http:\/\/brodandtaylor.com\/wp-content\/uploads\/2014\/03\/Russian-FP-201.pdf\" target=\"_blank\" rel=\"noopener\">FP-201 Bedienungsanleitung Russisch<\/a><br \/><a href=\"http:\/\/brodandtaylor.com\/wp-content\/uploads\/2014\/03\/Spanish-FP-201.pdf\" target=\"_blank\" rel=\"noopener\">FP-201 Bedienungsanleitung Spanisch<br \/><\/a><a href=\"http:\/\/brodandtaylor.com\/wp-content\/uploads\/2014\/04\/FP-201_RecipesEnglish_Rev0814_WEB.pdf\" target=\"_blank\" rel=\"noopener\">FP-201 Rezepte (Englisch)<\/a><\/p>\n<h3>Sauerteig Home\u00a0<\/h3>\n<p><a href=\"https:\/\/brodandtaylor.eu\/wp-content\/uploads\/2023\/03\/Sourdough-Home-Manual-En-Fr-Ge-Pt-Sp-Ab.pdf\">SH-100 Bedienungsanleitung Englisch<\/a><br \/><a href=\"https:\/\/brodandtaylor.eu\/wp-content\/uploads\/2023\/03\/Sourdough-Home-Manual-En-Fr-Ge-Pt-Sp-Ab.pdf\">SH-100 Bedienungsanleitung Franz\u00f6sisch<\/a><br \/><a href=\"https:\/\/brodandtaylor.eu\/wp-content\/uploads\/2023\/03\/Sourdough-Home-Manual-En-Fr-Ge-Pt-Sp-Ab.pdf\">SH-100 Bedienungsanleitung Deutsch<\/a><br \/><a href=\"https:\/\/brodandtaylor.eu\/wp-content\/uploads\/2023\/03\/Sourdough-Home-Manual-En-Fr-Ge-Pt-Sp-Ab.pdf\">SH-100 Bedienungsanleitung Portogiesisch<\/a><br \/><a href=\"https:\/\/brodandtaylor.eu\/wp-content\/uploads\/2023\/03\/Sourdough-Home-Manual-En-Fr-Ge-Pt-Sp-Ab.pdf\">SH-100 Bedienungsanleitung Spanisch<\/a><br \/><a href=\"https:\/\/brodandtaylor.eu\/wp-content\/uploads\/2023\/03\/Sourdough-Home-Manual-En-Fr-Ge-Pt-Sp-Ab.pdf\">SH-100 Bedienungsanleitung Arabisch<\/a><\/p>\n","protected":false},"excerpt":{"rendered":"<p>Kundensupport Wir sind begeistert von unseren Produkten und behandeln unsere Kunden, wie wir behandelt werden m\u00f6chten. Kontaktieren Sie uns, wir setzen alles daran Ihnen weiterzuhelfen. Sie sind \u00fcbergl\u00fccklich mit Ihrem Kauf? Wir w\u00fcrden uns sehr \u00fcber Feedback freuen und sind ganz neugierig wof\u00fcr Sie Ihren G\u00e4rautomaten alles nutzen. Zufriedenheitsgarantie Wir garantieren eine 100%-ige Kundenzufriedenheit auf[&#8230;]\n","protected":false},"author":1,"featured_media":0,"parent":0,"menu_order":2,"comment_status":"closed","ping_status":"closed","template":"","meta":{"_acf_changed":false,"_monsterinsights_skip_tracking":false,"_monsterinsights_sitenote_active":false,"_monsterinsights_sitenote_note":"","_monsterinsights_sitenote_category":0,"footnotes":""},"class_list":["post-2336","page","type-page","status-publish","hentry"],"acf":[],"_links":{"self":[{"href":"https:\/\/brodandtaylor.eu\/de\/wp-json\/wp\/v2\/pages\/2336","targetHints":{"allow":["GET"]}}],"collection":[{"href":"https:\/\/brodandtaylor.eu\/de\/wp-json\/wp\/v2\/pages"}],"about":[{"href":"https:\/\/brodandtaylor.eu\/de\/wp-json\/wp\/v2\/types\/page"}],"author":[{"embeddable":true,"href":"https:\/\/brodandtaylor.eu\/de\/wp-json\/wp\/v2\/users\/1"}],"replies":[{"embeddable":true,"href":"https:\/\/brodandtaylor.eu\/de\/wp-json\/wp\/v2\/comments?post=2336"}],"version-history":[{"count":0,"href":"https:\/\/brodandtaylor.eu\/de\/wp-json\/wp\/v2\/pages\/2336\/revisions"}],"wp:attachment":[{"href":"https:\/\/brodandtaylor.eu\/de\/wp-json\/wp\/v2\/media?parent=2336"}],"curies":[{"name":"wp","href":"https:\/\/api.w.org\/{rel}","templated":true}]}}